{"id":1352,"date":"2013-09-04T12:10:33","date_gmt":"2013-09-04T12:10:33","guid":{"rendered":"http:\/\/impreza.us-themes.net\/home-parallax\/"},"modified":"2026-04-14T07:19:12","modified_gmt":"2026-04-14T07:19:12","slug":"home-parallax","status":"publish","type":"page","link":"https:\/\/dinsani.rs\/main\/","title":{"rendered":"Home"},"content":{"rendered":"<section class=\"l-section wpb_row height_auto width_full color_alternate with_overlay\"><div class=\"l-section-overlay\" style=\"background-color: #0a0a0a\"><\/div><div class=\"l-section-h i-cf\"><div class=\"g-cols offset_small\"><div class=\" full-width animate_fade d4\"><div class=\"w-slider\"><div class=\"royalSlider rsDefault\"><a class=\"rsImg\" data-rsw=\"1541\" data-rsh=\"1021\" href=\"https:\/\/dinsani.rs\/main\/wp-content\/uploads\/2026\/04\/cvetni-podoper-baner-4l.jpg\"><\/a><a class=\"rsImg\" data-rsw=\"1476\" data-rsh=\"836\" href=\"https:\/\/dinsani.rs\/main\/wp-content\/uploads\/2025\/10\/baner-sani-ed3r33dd.jpg\"><\/a><a class=\"rsImg\" data-rsw=\"1536\" data-rsh=\"1024\" href=\"https:\/\/dinsani.rs\/main\/wp-content\/uploads\/2026\/04\/reklama-za-diamond.jpg\"><\/a><a class=\"rsImg\" data-rsw=\"1476\" data-rsh=\"836\" href=\"https:\/\/dinsani.rs\/main\/wp-content\/uploads\/2023\/08\/svi-proizv-baner-2023-avgust.jpg\"><\/a><a class=\"rsImg\" data-rsw=\"1734\" data-rsh=\"907\" href=\"https:\/\/dinsani.rs\/main\/wp-content\/uploads\/2026\/04\/kupka-i-sampon.png\"><\/a><a class=\"rsImg\" data-rsw=\"1476\" data-rsh=\"836\" href=\"https:\/\/dinsani.rs\/main\/wp-content\/uploads\/2024\/02\/baner-za-regulo-anti-cal.jpg\"><\/a><a class=\"rsImg\" data-rsw=\"1476\" data-rsh=\"836\" href=\"https:\/\/dinsani.rs\/main\/wp-content\/uploads\/2023\/06\/wax-baner.jpg\"><\/a><a class=\"rsImg\" data-rsw=\"1476\" data-rsh=\"836\" href=\"https:\/\/dinsani.rs\/main\/wp-content\/uploads\/2023\/03\/Svi-softys-2l-banrer.jpg\"><\/a><a class=\"rsImg\" data-rsw=\"1476\" data-rsh=\"836\" href=\"https:\/\/dinsani.rs\/main\/wp-content\/uploads\/2023\/03\/slajder-podoperi.jpg\"><\/a><a class=\"rsImg\" data-rsw=\"1476\" data-rsh=\"836\" href=\"https:\/\/dinsani.rs\/main\/wp-content\/uploads\/2023\/03\/slajd-TECNI-SAPUNI-1.png\"><\/a><a class=\"rsImg\" data-rsw=\"1476\" data-rsh=\"836\" href=\"https:\/\/dinsani.rs\/main\/wp-content\/uploads\/2023\/03\/slajd-balsami-1.png\"><\/a><a class=\"rsImg\" data-rsw=\"1772\" data-rsh=\"1003\" href=\"https:\/\/dinsani.rs\/main\/wp-content\/uploads\/2024\/05\/uskrs.png\"><\/a><\/div><div class=\"w-slider-json\" onclick='return {\"transitionSpeed\":300,\"loopRewind\":true,\"slidesSpacing\":0,\"imageScalePadding\":0,\"numImagesToPreload\":2,\"arrowsNav\":true,\"arrowsNavAutoHide\":false,\"transitionType\":\"fade\",\"controlNavigation\":\"none\",\"autoplay\":{\"enabled\":true,\"pauseOnHover\":true,\"delay\":4000},\"imageScaleMode\":\"fill\",\"autoScaleSlider\":true,\"autoScaleSliderWidth\":1541,\"autoScaleSliderHeight\":1021,\"fitInViewport\":false}'><\/div><\/div><\/div><\/div><\/div><\/section><section class=\"l-section wpb_row height_auto color_primary with_img parallax_ver\"><div class=\"l-section-img\" style=\"background-image: url(https:\/\/dinsani.rs\/main\/wp-content\/uploads\/2013\/09\/maxresdefault.jpg);\" data-img-width=\"1920\" data-img-height=\"1080\"><\/div><div class=\"l-section-h i-cf\"><div class=\"g-cols offset_small\"><div class=\" one-half animate_afl d1\"><div class=\"w-separator type_invisible size_huge thick_1 style_solid color_border cont_none\"><span class=\"w-separator-h\"><\/span><\/div><div class=\"w-image  align_center animate_afb d4\"><img loading=\"lazy\" decoding=\"async\" width=\"610\" height=\"451\" src=\"https:\/\/dinsani.rs\/main\/wp-content\/uploads\/2013\/09\/ipad-pravi.png\" class=\"attachment-full size-full\" alt=\"\" srcset=\"https:\/\/dinsani.rs\/main\/wp-content\/uploads\/2013\/09\/ipad-pravi.png 610w, https:\/\/dinsani.rs\/main\/wp-content\/uploads\/2013\/09\/ipad-pravi-300x222.png 300w, https:\/\/dinsani.rs\/main\/wp-content\/uploads\/2013\/09\/ipad-pravi-600x444.png 600w\" sizes=\"auto, (max-width: 610px) 100vw, 610px\" \/><\/div><\/div><div class=\" one-half animate_afc\"><div class=\"w-separator type_invisible size_huge thick_1 style_solid color_border cont_none\"><span class=\"w-separator-h\"><\/span><\/div><div class=\"wpb_text_column \"><div class=\"wpb_wrapper\">\n<h3>Na\u0161 sajt je u potpunosti prilago\u0111en svim ure\u0111ajima !<\/h3>\n<div class=\"entry clearfix post\">\n<p>Bez obzira odakle nas pose\u0107ujete, sadr\u017eaj se automatski prilago\u0111ava va\u0161em ekranu, omogu\u0107avaju\u0107i brz pristup, jasan prikaz i jednostavno kori\u0161\u0107enje.<br data-start=\"433\" data-end=\"436\" \/>D&amp;N Sani vam nudi moderno, funkcionalno i prijatno korisni\u010dko iskustvo, bilo da pretra\u017eujete na\u0161e proizvode kod ku\u0107e ili u pokretu.<\/p>\n<\/div>\n<\/div> <\/div> <div class=\"w-image  animate_afr d3\"><img loading=\"lazy\" decoding=\"async\" width=\"579\" height=\"235\" src=\"https:\/\/dinsani.rs\/main\/wp-content\/uploads\/2022\/10\/kompitablet2.png\" class=\"attachment-large size-large\" alt=\"\" srcset=\"https:\/\/dinsani.rs\/main\/wp-content\/uploads\/2022\/10\/kompitablet2.png 579w, https:\/\/dinsani.rs\/main\/wp-content\/uploads\/2022\/10\/kompitablet2-300x122.png 300w, https:\/\/dinsani.rs\/main\/wp-content\/uploads\/2022\/10\/kompitablet2-250x101.png 250w\" sizes=\"auto, (max-width: 579px) 100vw, 579px\" \/><\/div><\/div><\/div><\/div><\/section><section class=\"l-section wpb_row height_medium color_custom\" style=\"background-color: #ffffff; color: #494949;\"><div class=\"l-section-h i-cf\"><div class=\"g-cols offset_small\"><div class=\" one-half animate_afl d1\"><div class=\"w-video ratio_16x9\"><div class=\"w-video-h\"><iframe loading=\"lazy\" width=\"420\" height=\"315\" src=\"\/\/www.youtube.com\/embed\/wc7XjtxArsM\" allowfullscreen><\/iframe><\/div><\/div><\/div><div class=\" one-half animate_afc\"><div class=\"w-video ratio_16x9\"><div class=\"w-video-h\"><iframe loading=\"lazy\" width=\"420\" height=\"315\" src=\"\/\/www.youtube.com\/embed\/rtLtbTbhD2U\" allowfullscreen><\/iframe><\/div><\/div><\/div><\/div><\/div><\/section><section class=\"l-section wpb_row height_medium color_primary with_img parallax_ver with_overlay\"><div class=\"l-section-img\" style=\"background-image: url(https:\/\/dinsani.rs\/main\/wp-content\/uploads\/2016\/12\/img-32.jpg);\" data-img-width=\"1920\" data-img-height=\"1280\"><\/div><div class=\"l-section-overlay\" style=\"background-color: rgba(22,22,22,0.75)\"><\/div><div class=\"l-section-h i-cf\"><div class=\"g-cols offset_medium\"><div class=\" full-width\"><div class=\"wpb_text_column \"><div class=\"wpb_wrapper\">\n<h2 style=\"text-align: center;\"><span style=\"color: #ffffff;\">U ponudi preduze\u0107a D&amp;N SANI nalazi se preko 100 artikala!<\/span><\/h2>\n<\/div> <\/div> <\/div><\/div><\/div><\/section><section class=\"l-section wpb_row height_large color_primary with_img parallax_ver with_overlay\"><div class=\"l-section-img\" style=\"background-image: url(https:\/\/dinsani.rs\/main\/wp-content\/uploads\/2013\/09\/travaandorizvodi1.jpg);\" data-img-width=\"1424\" data-img-height=\"2144\"><\/div><div class=\"l-section-overlay\" style=\"background-color: rgba(0,0,0,0.5)\"><\/div><div class=\"l-section-h i-cf\"><div class=\"g-cols offset_small\"><div class=\" one-half animate_afl\"><div class=\"wpb_text_column \"><div class=\"wpb_wrapper\">\n<h2>Paleta proizvoda<\/h2>\n<p>U na\u0161em proizvodnom programu je na stotine raznih hemijskih proizvoda, za pranje posudja, te\u010dnih sapuna za pranje ruku, \u0161ampona, balzama za kosu, kiselina itd. Konstantnim usavr\u0161avanjem na\u0161ih proizvodnih kapaciteta i ljudstva, dobijamo na kvalitetu proizvoda, koji su konkurenti na velikom i razvijenom tr\u017ei\u0161tu hemijskih proizvoda.<\/div> <\/div> <div class=\"w-btn-wrapper align_left\"><a class=\"w-btn style_solid size_medium color_primary icon_none\" href=\"https:\/\/dinsani.rs\/main\/proizvodi\/\"><span class=\"w-btn-label\">Na\u0161i proizvodi<\/span><\/a><\/div><\/div><div class=\" one-half animate_afr d1\"><div class=\"w-image  align_center vc_custom_1483383112027\"><img loading=\"lazy\" decoding=\"async\" width=\"547\" height=\"346\" src=\"https:\/\/dinsani.rs\/main\/wp-content\/uploads\/2013\/09\/paleta-p-slika.jpg\" class=\"attachment-full size-full\" alt=\"\" srcset=\"https:\/\/dinsani.rs\/main\/wp-content\/uploads\/2013\/09\/paleta-p-slika.jpg 547w, https:\/\/dinsani.rs\/main\/wp-content\/uploads\/2013\/09\/paleta-p-slika-300x190.jpg 300w\" sizes=\"auto, (max-width: 547px) 100vw, 547px\" \/><\/div><\/div><\/div><\/div><\/section><section class=\"l-section wpb_row height_large color_alternate with_img parallax_hor bgwidth_130 with_overlay\"><div class=\"l-section-img\" style=\"background-image: url(https:\/\/dinsani.rs\/main\/wp-content\/uploads\/2026\/02\/dis-market-5.jpg);\" data-img-width=\"1558\" data-img-height=\"538\"><\/div><div class=\"l-section-overlay\" style=\"background-color: rgba(255,255,255,0.8)\"><\/div><div class=\"l-section-h i-cf\"><div class=\"g-cols offset_small\"><div class=\" full-width\"><div class=\"wpb_text_column \"><div class=\"wpb_wrapper\">\n<h2 style=\"text-align: center;\">NA\u0160I POSLOVNI PARTNERI<\/h2>\n<h5 style=\"text-align: center;\">Tokom 30 godina poslovanja ostvarili smo velike uspehe i pro\u0161ili mre\u017eu kupaca po celoj zemlji i izvan nje, tako da sara\u0111ujemo sa preko sto velikih i malih preduze\u0107a od kojih izdvajamo slede\u0107e:<\/h5>\n<\/div> <\/div> <div class=\"w-separator type_invisible size_medium thick_1 style_solid color_border cont_none\"><span class=\"w-separator-h\"><\/span><\/div><div class=\"wpb_text_column \"><div class=\"wpb_wrapper\"><div id=\"metaslider-id-9865\" style=\"width: 100%;\" class=\"ml-slider-3-107-0 metaslider metaslider-flex metaslider-9865 ml-slider has-onhover-arrows has-carousel-mode ms-theme-bitono nav-hidden\" role=\"region\" aria-label=\"New Slideshow\" data-height=\"100\" data-width=\"200\">\n    <div id=\"metaslider_container_9865\">\n        <div id=\"metaslider_9865\">\n            <ul aria-live='off' class='slides'>\n                <li style=\"display: none; width: 100%;\" class=\"slide-9875 ms-image \" aria-roledescription=\"slide\" data-date=\"2026-02-06 08:45:57\" data-filename=\"maxy-200x100.jpg\" data-slide-type=\"image\"><img loading=\"lazy\" decoding=\"async\" src=\"https:\/\/dinsani.rs\/main\/wp-content\/uploads\/2026\/02\/maxy-200x100.jpg\" height=\"100\" width=\"200\" alt=\"\" class=\"slider-9865 slide-9875 msDefaultImage\" title=\"maxy\" \/><\/li>\n                <li style=\"display: none; width: 100%;\" class=\"slide-9881 ms-image \" aria-roledescription=\"slide\" data-date=\"2026-02-06 08:48:21\" data-filename=\"dislogo-200x100.jpg\" data-slide-type=\"image\"><img loading=\"lazy\" decoding=\"async\" src=\"https:\/\/dinsani.rs\/main\/wp-content\/uploads\/2013\/09\/dislogo-200x100.jpg\" height=\"100\" width=\"200\" alt=\"\" class=\"slider-9865 slide-9881 msDefaultImage\" title=\"dislogo\" \/><\/li>\n                <li style=\"display: none; width: 100%;\" class=\"slide-9879 ms-image \" aria-roledescription=\"slide\" data-date=\"2026-02-06 08:47:17\" data-filename=\"idealogo-200x100.jpg\" data-slide-type=\"image\"><img loading=\"lazy\" decoding=\"async\" src=\"https:\/\/dinsani.rs\/main\/wp-content\/uploads\/2022\/10\/idealogo-200x100.jpg\" height=\"100\" width=\"200\" alt=\"\" class=\"slider-9865 slide-9879 msDefaultImage\" title=\"idealogo\" \/><\/li>\n                <li style=\"display: none; width: 100%;\" class=\"slide-9880 ms-image \" aria-roledescription=\"slide\" data-date=\"2026-02-06 08:47:17\" data-filename=\"merkatorlogo-200x100.jpg\" data-slide-type=\"image\"><img loading=\"lazy\" decoding=\"async\" src=\"https:\/\/dinsani.rs\/main\/wp-content\/uploads\/2022\/10\/merkatorlogo-200x100.jpg\" height=\"100\" width=\"200\" alt=\"\" class=\"slider-9865 slide-9880 msDefaultImage\" title=\"merkatorlogo\" \/><\/li>\n                <li style=\"display: none; width: 100%;\" class=\"slide-9878 ms-image \" aria-roledescription=\"slide\" data-date=\"2026-02-06 08:47:16\" data-filename=\"rodalogo-200x100.jpg\" data-slide-type=\"image\"><img loading=\"lazy\" decoding=\"async\" src=\"https:\/\/dinsani.rs\/main\/wp-content\/uploads\/2022\/10\/rodalogo-200x100.jpg\" height=\"100\" width=\"200\" alt=\"\" class=\"slider-9865 slide-9878 msDefaultImage\" title=\"rodalogo\" \/><\/li>\n                <li style=\"display: none; width: 100%;\" class=\"slide-9874 ms-image \" aria-roledescription=\"slide\" data-date=\"2026-02-06 08:45:56\" data-filename=\"metalac-200x100.jpg\" data-slide-type=\"image\"><img loading=\"lazy\" decoding=\"async\" src=\"https:\/\/dinsani.rs\/main\/wp-content\/uploads\/2026\/02\/metalac-200x100.jpg\" height=\"100\" width=\"200\" alt=\"\" class=\"slider-9865 slide-9874 msDefaultImage\" title=\"metalac\" \/><\/li>\n                <li style=\"display: none; width: 100%;\" class=\"slide-9866 ms-image \" aria-roledescription=\"slide\" data-date=\"2026-02-06 08:45:51\" data-filename=\"dtl-europrom-200x100.jpg\" data-slide-type=\"image\"><img loading=\"lazy\" decoding=\"async\" src=\"https:\/\/dinsani.rs\/main\/wp-content\/uploads\/2026\/02\/dtl-europrom-200x100.jpg\" height=\"100\" width=\"200\" alt=\"\" class=\"slider-9865 slide-9866 msDefaultImage\" title=\"dtl-europrom\" \/><\/li>\n                <li style=\"display: none; width: 100%;\" class=\"slide-9867 ms-image \" aria-roledescription=\"slide\" data-date=\"2026-02-06 08:45:52\" data-filename=\"zam-200x100.jpg\" data-slide-type=\"image\"><img loading=\"lazy\" decoding=\"async\" src=\"https:\/\/dinsani.rs\/main\/wp-content\/uploads\/2026\/02\/zam-200x100.jpg\" height=\"100\" width=\"200\" alt=\"\" class=\"slider-9865 slide-9867 msDefaultImage\" title=\"zam\" \/><\/li>\n                <li style=\"display: none; width: 100%;\" class=\"slide-9868 ms-image \" aria-roledescription=\"slide\" data-date=\"2026-02-06 08:45:52\" data-filename=\"timor-200x100.jpg\" data-slide-type=\"image\"><img loading=\"lazy\" decoding=\"async\" src=\"https:\/\/dinsani.rs\/main\/wp-content\/uploads\/2026\/02\/timor-200x100.jpg\" height=\"100\" width=\"200\" alt=\"\" class=\"slider-9865 slide-9868 msDefaultImage\" title=\"timor\" \/><\/li>\n                <li style=\"display: none; width: 100%;\" class=\"slide-9869 ms-image \" aria-roledescription=\"slide\" data-date=\"2026-02-06 08:45:53\" data-filename=\"tekijanka-200x100.jpg\" data-slide-type=\"image\"><img loading=\"lazy\" decoding=\"async\" src=\"https:\/\/dinsani.rs\/main\/wp-content\/uploads\/2026\/02\/tekijanka-200x100.jpg\" height=\"100\" width=\"200\" alt=\"\" class=\"slider-9865 slide-9869 msDefaultImage\" title=\"tekijanka\" \/><\/li>\n                <li style=\"display: none; width: 100%;\" class=\"slide-9870 ms-image \" aria-roledescription=\"slide\" data-date=\"2026-02-06 08:45:54\" data-filename=\"primanova-200x100.jpg\" data-slide-type=\"image\"><img loading=\"lazy\" decoding=\"async\" src=\"https:\/\/dinsani.rs\/main\/wp-content\/uploads\/2026\/02\/primanova-200x100.jpg\" height=\"100\" width=\"200\" alt=\"\" class=\"slider-9865 slide-9870 msDefaultImage\" title=\"primanova\" \/><\/li>\n                <li style=\"display: none; width: 100%;\" class=\"slide-9871 ms-image \" aria-roledescription=\"slide\" data-date=\"2026-02-06 08:45:55\" data-filename=\"podunavlje-200x100.jpg\" data-slide-type=\"image\"><img loading=\"lazy\" decoding=\"async\" src=\"https:\/\/dinsani.rs\/main\/wp-content\/uploads\/2026\/02\/podunavlje-200x100.jpg\" height=\"100\" width=\"200\" alt=\"\" class=\"slider-9865 slide-9871 msDefaultImage\" title=\"podunavlje\" \/><\/li>\n                <li style=\"display: none; width: 100%;\" class=\"slide-9872 ms-image \" aria-roledescription=\"slide\" data-date=\"2026-02-06 08:45:55\" data-filename=\"parica-200x100.jpg\" data-slide-type=\"image\"><img loading=\"lazy\" decoding=\"async\" src=\"https:\/\/dinsani.rs\/main\/wp-content\/uploads\/2026\/02\/parica-200x100.jpg\" height=\"100\" width=\"200\" alt=\"\" class=\"slider-9865 slide-9872 msDefaultImage\" title=\"parica\" \/><\/li>\n                <li style=\"display: none; width: 100%;\" class=\"slide-9873 ms-image \" aria-roledescription=\"slide\" data-date=\"2026-02-06 08:45:56\" data-filename=\"morava-200x100.jpg\" data-slide-type=\"image\"><img loading=\"lazy\" decoding=\"async\" src=\"https:\/\/dinsani.rs\/main\/wp-content\/uploads\/2026\/02\/morava-200x100.jpg\" height=\"100\" width=\"200\" alt=\"\" class=\"slider-9865 slide-9873 msDefaultImage\" title=\"morava\" \/><\/li>\n                <li style=\"display: none; width: 100%;\" class=\"slide-9876 ms-image \" aria-roledescription=\"slide\" data-date=\"2026-02-06 08:45:57\" data-filename=\"leon-200x100.jpg\" data-slide-type=\"image\"><img loading=\"lazy\" decoding=\"async\" src=\"https:\/\/dinsani.rs\/main\/wp-content\/uploads\/2026\/02\/leon-200x100.jpg\" height=\"100\" width=\"200\" alt=\"\" class=\"slider-9865 slide-9876 msDefaultImage\" title=\"leon\" \/><\/li>\n                <li style=\"display: none; width: 100%;\" class=\"slide-9877 ms-image \" aria-roledescription=\"slide\" data-date=\"2026-02-06 08:45:58\" data-filename=\"kasica-200x100.jpg\" data-slide-type=\"image\"><img loading=\"lazy\" decoding=\"async\" src=\"https:\/\/dinsani.rs\/main\/wp-content\/uploads\/2026\/02\/kasica-200x100.jpg\" height=\"100\" width=\"200\" alt=\"\" class=\"slider-9865 slide-9877 msDefaultImage\" title=\"kasica\" \/><\/li>\n                <li style=\"display: none; width: 100%;\" class=\"slide-9882 ms-image \" aria-roledescription=\"slide\" data-date=\"2026-02-06 08:48:21\" data-filename=\"trnava-200x100.jpg\" data-slide-type=\"image\"><img loading=\"lazy\" decoding=\"async\" src=\"https:\/\/dinsani.rs\/main\/wp-content\/uploads\/2013\/09\/trnava-200x100.jpg\" height=\"100\" width=\"200\" alt=\"\" class=\"slider-9865 slide-9882 msDefaultImage\" title=\"trnava\" \/><\/li>\n            <\/ul>\n        <\/div>\n        \n    <\/div>\n<\/div><\/div> <\/div> <\/div><\/div><\/div><\/section><section class=\"l-section wpb_row height_large color_primary with_img with_video with_overlay\"><div class=\"l-section-img\" style=\"background-image: url(https:\/\/dinsani.rs\/main\/wp-content\/uploads\/2016\/12\/hackers8.jpg);\" data-img-width=\"1365\" data-img-height=\"767\"><\/div><div class=\"l-section-video\"><video loop=\"loop\" autoplay=\"autoplay\" preload=\"auto\" poster=\"https:\/\/dinsani.rs\/main\/wp-content\/uploads\/2016\/12\/hackers8.jpg\"><source type=\"video\/mp4\" src=\"http:\/\/impreza.us-themes.com\/wp-content\/uploads\/Hackers8.mp4\" \/><img decoding=\"async\" src=\"https:\/\/dinsani.rs\/main\/wp-content\/uploads\/2016\/12\/hackers8.jpg\" alt=\"\"><\/video><\/div><div class=\"l-section-overlay\" style=\"background-color: rgba(0,0,0,0.5)\"><\/div><div class=\"l-section-h i-cf\"><div class=\"g-cols offset_small\"><div class=\" full-width\"><div class=\"wpb_text_column \"><div class=\"wpb_wrapper\">\n<h2 style=\"text-align: center;\">Kontaktirajte nas<\/h2>\n<\/div> <\/div> <div class=\"w-separator type_short size_small thick_1 style_solid color_border cont_icon\"><span class=\"w-separator-h\"><i class=\"fa fa-envelope-o\"><\/i><\/span><\/div><div class=\"g-cols wpb_row offset_small vc_inner \"><div class=\" one-quarter\"><div class=\"w-separator type_invisible size_medium thick_1 style_solid color_border cont_none\"><span class=\"w-separator-h\"><\/span><\/div><\/div><div class=\" one-half\"><div class=\"wpb_text_column \"><div class=\"wpb_wrapper\">\n<p style=\"text-align: center;\">\u017delite da saradjujete sa nama, po\u0161aljite nam va\u0161e podatke i u najkra\u0107em mogu\u0107em roku \u0107emo vas kontaktirati?\u00a0 Stojimo Vam na raspolaganju za sva va\u0161a pitanja i sugestije.<\/p>\n<\/div> <\/div> <div class=\"w-form for_cform align_center\" id=\"us_form_1\">\n\t<form class=\"w-form-h\" autocomplete=\"off\" action=\"https:\/\/dinsani.rs\/main\/main\/wp-json\/wp\/v2\/pages\/1352\" method=\"post\">\n\t\t\t\t\t\t\t<div class=\"w-form-row for_name required\">\n\t<div class=\"w-form-row-label\">\n\t\t<label for=\"us_form_1_name\"><\/label>\n\t<\/div>\n\t<div class=\"w-form-row-field\">\n\t\t\t\t<input type=\"text\" name=\"name\" id=\"us_form_1_name\" value=\"\"\n\t\t       placeholder=\"Ime i prezime *\" data-required=\"true\" aria-required=\"true\"\/>\n\t\t<span class=\"w-form-row-field-bar\"><\/span>\n\t\t\t<\/div>\n\t<div class=\"w-form-row-state\"><\/div>\n\t<\/div>\n\t\t\t\t\t<div class=\"w-form-row for_email required\">\n\t<div class=\"w-form-row-label\">\n\t\t<label for=\"us_form_1_email\"><\/label>\n\t<\/div>\n\t<div class=\"w-form-row-field\">\n\t\t\t\t<input type=\"email\" name=\"email\" id=\"us_form_1_email\" value=\"\"\n\t\t       placeholder=\"Email adresa *\" data-required=\"true\" aria-required=\"true\"\/>\n\t\t<span class=\"w-form-row-field-bar\"><\/span>\n\t\t\t<\/div>\n\t<div class=\"w-form-row-state\"><\/div>\n\t<\/div>\n\t\t\t\t\t<div class=\"w-form-row for_phone\">\n\t<div class=\"w-form-row-label\">\n\t\t<label for=\"us_form_1_phone\"><\/label>\n\t<\/div>\n\t<div class=\"w-form-row-field\">\n\t\t\t\t<input type=\"text\" name=\"phone\" id=\"us_form_1_phone\" value=\"\"\n\t\t       placeholder=\"Broj telefona\"\/>\n\t\t<span class=\"w-form-row-field-bar\"><\/span>\n\t\t\t<\/div>\n\t<div class=\"w-form-row-state\"><\/div>\n\t<\/div>\n\t\t\t\t\t<div class=\"w-form-row for_message required\">\n\t<div class=\"w-form-row-label\">\n\t\t<label for=\"us_form_1_message\"><\/label>\n\t<\/div>\n\t<div class=\"w-form-row-field\">\n\t\t\t\t<textarea name=\"message\" id=\"us_form_1_message\" cols=\"30\" rows=\"10\" placeholder=\"Poruka *\"\n\t\t\t data-required=\"true\" aria-required=\"true\"><\/textarea>\n\t\t<span class=\"w-form-row-field-bar\"><\/span>\n\t\t\t<\/div>\n\t<div class=\"w-form-row-state\"><\/div>\n\t<\/div>\n\t\t\t\t\t<input type=\"hidden\" name=\"action\" value=\"us_ajax_cform\"\/>\n\t\t\t\t\t<input type=\"hidden\" name=\"post_id\" value=\"1352\"\/>\n\t\t\t\t\t<input type=\"hidden\" name=\"form_index\" value=\"1\"\/>\n\t\t\t\t\t<div class=\"w-form-row for_submit\">\n\t<div class=\"w-form-row-field\">\n\t\t<button class=\"w-btn size_medium color_primary style_outlined\" type=\"submit\"><span class=\"g-preloader type_1\"><\/span><span class=\"w-btn-label\">PO\u0160ALJI<\/span><\/button>\n\t<\/div>\n<\/div>\n\t\t\t\t<div class=\"w-form-message\"><\/div>\n\t\t\t<\/form>\n\t\t\t<div class=\"w-form-json hidden\" onclick='return {\"ajaxurl\":\"https:\\\/\\\/dinsani.rs\\\/main\\\/wp-admin\\\/admin-ajax.php\",\"success\":\"Thank you! Your message was sent.\",\"errors\":{\"name\":\"Please enter your Name\",\"email\":\"Please enter your Email\",\"phone\":\"Please enter your Phone Number\",\"message\":\"Please enter a Message\"}}'><\/div>\n\t<\/div>\n<\/div><div class=\" one-quarter\"><div class=\"w-separator type_invisible size_medium thick_1 style_solid color_border cont_none\"><span class=\"w-separator-h\"><\/span><\/div><\/div><\/div><\/div><\/div><\/div><\/section>\n","protected":false},"excerpt":{"rendered":"Na\u0161 sajt je u potpunosti prilago\u0111en svim ure\u0111ajima ! Bez obzira odakle nas pose\u0107ujete, sadr\u017eaj se automatski prilago\u0111ava va\u0161em ekranu, omogu\u0107avaju\u0107i brz pristup, jasan prikaz i jednostavno kori\u0161\u0107enje.D&amp;N Sani vam nudi moderno, funkcionalno i prijatno korisni\u010dko iskustvo, bilo da pretra\u017eujete na\u0161e proizvode kod ku\u0107e ili u pokretu. U ponudi preduze\u0107a D&amp;N SANI nalazi se preko...","protected":false},"author":1,"featured_media":0,"parent":0,"menu_order":0,"comment_status":"closed","ping_status":"closed","template":"","meta":{"footnotes":""},"class_list":["post-1352","page","type-page","status-publish","hentry"],"_links":{"self":[{"href":"https:\/\/dinsani.rs\/main\/wp-json\/wp\/v2\/pages\/1352","targetHints":{"allow":["GET"]}}],"collection":[{"href":"https:\/\/dinsani.rs\/main\/wp-json\/wp\/v2\/pages"}],"about":[{"href":"https:\/\/dinsani.rs\/main\/wp-json\/wp\/v2\/types\/page"}],"author":[{"embeddable":true,"href":"https:\/\/dinsani.rs\/main\/wp-json\/wp\/v2\/users\/1"}],"replies":[{"embeddable":true,"href":"https:\/\/dinsani.rs\/main\/wp-json\/wp\/v2\/comments?post=1352"}],"version-history":[{"count":91,"href":"https:\/\/dinsani.rs\/main\/wp-json\/wp\/v2\/pages\/1352\/revisions"}],"predecessor-version":[{"id":9909,"href":"https:\/\/dinsani.rs\/main\/wp-json\/wp\/v2\/pages\/1352\/revisions\/9909"}],"wp:attachment":[{"href":"https:\/\/dinsani.rs\/main\/wp-json\/wp\/v2\/media?parent=1352"}],"curies":[{"name":"wp","href":"https:\/\/api.w.org\/{rel}","templated":true}]}}