{"id":14,"date":"2016-12-12T21:20:29","date_gmt":"2016-12-12T21:20:29","guid":{"rendered":"https:\/\/dinsani.rs\/main\/?page_id=14"},"modified":"2021-02-03T11:39:15","modified_gmt":"2021-02-03T11:39:15","slug":"proizvodi","status":"publish","type":"page","link":"https:\/\/dinsani.rs\/main\/proizvodi\/","title":{"rendered":"Proizvodi"},"content":{"rendered":"<section class=\"l-section wpb_row height_medium with_img parallax_ver\"><div class=\"l-section-img\" style=\"background-image: url(https:\/\/dinsani.rs\/main\/wp-content\/uploads\/2016\/12\/img-6.jpg);\" data-img-width=\"1920\" data-img-height=\"1080\"><\/div><div class=\"l-section-h i-cf\"><div class=\"g-cols offset_small\"><div class=\" one-half\"><div class=\"w-separator type_invisible size_large thick_1 style_solid color_border cont_none\"><span class=\"w-separator-h\"><\/span><\/div><div class=\"w-image  animate_afr d4\"><img loading=\"lazy\" decoding=\"async\" width=\"341\" height=\"81\" src=\"https:\/\/dinsani.rs\/main\/wp-content\/uploads\/2016\/12\/nastotine-prozi-tekst.png\" class=\"attachment-full size-full\" alt=\"\" srcset=\"https:\/\/dinsani.rs\/main\/wp-content\/uploads\/2016\/12\/nastotine-prozi-tekst.png 341w, https:\/\/dinsani.rs\/main\/wp-content\/uploads\/2016\/12\/nastotine-prozi-tekst-300x71.png 300w\" sizes=\"auto, (max-width: 341px) 100vw, 341px\" \/><\/div><div class=\"wpb_text_column \"><div class=\"wpb_wrapper\"><span style=\"color: #ffffff;\">U na\u0161em proizvodnom programu je na stotine raznih hemijskih proizvoda, za pranje posudja, te\u010dnih sapuna za pranje ruku, \u0161ampona, balzama za kosu, kiselina itd. Konstantnim usavr\u0161avanjem na\u0161ih proizvodnih kapaciteta i ljudstva, dobijamo na kvalitetu proizvoda, koji su konkurenti na velikom i razvijenom tr\u017ei\u0161tu hemijskih proizvoda.<\/span><\/div> <\/div> <\/div><div class=\" one-half\"><div class=\"w-image  animate_aft d3 vc_custom_1483382860055\"><img loading=\"lazy\" decoding=\"async\" width=\"1024\" height=\"768\" src=\"https:\/\/dinsani.rs\/main\/wp-content\/uploads\/2016\/12\/DSC_0040.jpg\" class=\"attachment-full size-full\" alt=\"\" srcset=\"https:\/\/dinsani.rs\/main\/wp-content\/uploads\/2016\/12\/DSC_0040.jpg 1024w, https:\/\/dinsani.rs\/main\/wp-content\/uploads\/2016\/12\/DSC_0040-300x225.jpg 300w, https:\/\/dinsani.rs\/main\/wp-content\/uploads\/2016\/12\/DSC_0040-768x576.jpg 768w, https:\/\/dinsani.rs\/main\/wp-content\/uploads\/2016\/12\/DSC_0040-600x450.jpg 600w\" sizes=\"auto, (max-width: 1024px) 100vw, 1024px\" \/><\/div><\/div><\/div><\/div><\/section><section class=\"l-section wpb_row height_medium\"><div class=\"l-section-h i-cf\"><div class=\"g-cols offset_small\"><div class=\" one-third\"><div class=\"w-image  animate_afl d3\"><a href=\"https:\/\/dinsani.rs\/main\/samponi-za-kosu\/\" title=\"\" target=\"\" rel=\"\"><img loading=\"lazy\" decoding=\"async\" width=\"399\" height=\"146\" src=\"https:\/\/dinsani.rs\/main\/wp-content\/uploads\/2016\/12\/pro1.jpg\" class=\"attachment-full size-full\" alt=\"\" srcset=\"https:\/\/dinsani.rs\/main\/wp-content\/uploads\/2016\/12\/pro1.jpg 399w, https:\/\/dinsani.rs\/main\/wp-content\/uploads\/2016\/12\/pro1-300x110.jpg 300w\" sizes=\"auto, (max-width: 399px) 100vw, 399px\" \/><\/a><\/div><\/div><div class=\" one-third\"><div class=\"w-image  animate_afc d3\"><a href=\"https:\/\/dinsani.rs\/main\/balzami-za-kosu\/\" title=\"\" target=\"\" rel=\"\"><img loading=\"lazy\" decoding=\"async\" width=\"399\" height=\"146\" src=\"https:\/\/dinsani.rs\/main\/wp-content\/uploads\/2016\/12\/pro2.jpg\" class=\"attachment-full size-full\" alt=\"\" srcset=\"https:\/\/dinsani.rs\/main\/wp-content\/uploads\/2016\/12\/pro2.jpg 399w, https:\/\/dinsani.rs\/main\/wp-content\/uploads\/2016\/12\/pro2-300x110.jpg 300w\" sizes=\"auto, (max-width: 399px) 100vw, 399px\" \/><\/a><\/div><\/div><div class=\" one-third\"><div class=\"w-image  animate_afr d3\"><a href=\"https:\/\/dinsani.rs\/main\/tecni-sapuni\/\" title=\"\" target=\"\" rel=\"\"><img loading=\"lazy\" decoding=\"async\" width=\"399\" height=\"146\" src=\"https:\/\/dinsani.rs\/main\/wp-content\/uploads\/2016\/12\/pro3.jpg\" class=\"attachment-full size-full\" alt=\"\" srcset=\"https:\/\/dinsani.rs\/main\/wp-content\/uploads\/2016\/12\/pro3.jpg 399w, https:\/\/dinsani.rs\/main\/wp-content\/uploads\/2016\/12\/pro3-300x110.jpg 300w\" sizes=\"auto, (max-width: 399px) 100vw, 399px\" \/><\/a><\/div><\/div><div class=\" full-width\"><div class=\"g-cols wpb_row offset_small vc_inner \"><div class=\" full-width\"><div class=\"w-separator type_short size_small thick_1 style_solid color_border cont_none\"><span class=\"w-separator-h\"><\/span><\/div><\/div><\/div><div class=\"g-cols wpb_row offset_small vc_inner \"><div class=\" one-third\"><div class=\"w-image  animate_afl d2\"><a href=\"https:\/\/dinsani.rs\/main\/sredstva-za-odrzavanje-higijene-domacinstva\/\" title=\"\" target=\"\" rel=\"\"><img loading=\"lazy\" decoding=\"async\" width=\"399\" height=\"146\" src=\"https:\/\/dinsani.rs\/main\/wp-content\/uploads\/2020\/04\/pro6.jpg\" class=\"attachment-full size-full\" alt=\"\" srcset=\"https:\/\/dinsani.rs\/main\/wp-content\/uploads\/2020\/04\/pro6.jpg 399w, https:\/\/dinsani.rs\/main\/wp-content\/uploads\/2020\/04\/pro6-300x110.jpg 300w, https:\/\/dinsani.rs\/main\/wp-content\/uploads\/2020\/04\/pro6-250x91.jpg 250w\" sizes=\"auto, (max-width: 399px) 100vw, 399px\" \/><\/a><\/div><\/div><div class=\" one-third\"><div class=\"w-image  animate_afc d2\"><a href=\"https:\/\/dinsani.rs\/main\/omeksivaci-rublja\/\" title=\"\" target=\"\" rel=\"\"><img loading=\"lazy\" decoding=\"async\" width=\"399\" height=\"146\" src=\"https:\/\/dinsani.rs\/main\/wp-content\/uploads\/2016\/12\/pro5.jpg\" class=\"attachment-full size-full\" alt=\"\" srcset=\"https:\/\/dinsani.rs\/main\/wp-content\/uploads\/2016\/12\/pro5.jpg 399w, https:\/\/dinsani.rs\/main\/wp-content\/uploads\/2016\/12\/pro5-300x110.jpg 300w\" sizes=\"auto, (max-width: 399px) 100vw, 399px\" \/><\/a><\/div><\/div><div class=\" one-third\"><div class=\"w-image  animate_afr d2\"><a href=\"https:\/\/dinsani.rs\/main\/tecnosti-za-pranje-posudja\/\" title=\"\" target=\"\" rel=\"\"><img loading=\"lazy\" decoding=\"async\" width=\"399\" height=\"146\" src=\"https:\/\/dinsani.rs\/main\/wp-content\/uploads\/2016\/12\/pro4.jpg\" class=\"attachment-full size-full\" alt=\"\" srcset=\"https:\/\/dinsani.rs\/main\/wp-content\/uploads\/2016\/12\/pro4.jpg 399w, https:\/\/dinsani.rs\/main\/wp-content\/uploads\/2016\/12\/pro4-300x110.jpg 300w\" sizes=\"auto, (max-width: 399px) 100vw, 399px\" \/><\/a><\/div><\/div><\/div><div class=\"w-separator type_short size_small thick_1 style_solid color_border cont_none\"><span class=\"w-separator-h\"><\/span><\/div><div class=\"g-cols wpb_row offset_small vc_inner \"><div class=\" one-third\"><div class=\"w-image  animate_afl d2\"><a href=\"https:\/\/dinsani.rs\/main\/kozmetika\/\" title=\"\" target=\"\" rel=\"\"><img loading=\"lazy\" decoding=\"async\" width=\"399\" height=\"146\" src=\"https:\/\/dinsani.rs\/main\/wp-content\/uploads\/2016\/12\/pro7.jpg\" class=\"attachment-full size-full\" alt=\"\" srcset=\"https:\/\/dinsani.rs\/main\/wp-content\/uploads\/2016\/12\/pro7.jpg 399w, https:\/\/dinsani.rs\/main\/wp-content\/uploads\/2016\/12\/pro7-300x110.jpg 300w\" sizes=\"auto, (max-width: 399px) 100vw, 399px\" \/><\/a><\/div><\/div><div class=\" one-third\"><div class=\"w-image  animate_afc d2\"><a href=\"https:\/\/dinsani.rs\/main\/sirca\/\" title=\"\" target=\"\" rel=\"\"><img loading=\"lazy\" decoding=\"async\" width=\"399\" height=\"146\" src=\"https:\/\/dinsani.rs\/main\/wp-content\/uploads\/2016\/12\/pro8.jpg\" class=\"attachment-full size-full\" alt=\"\" srcset=\"https:\/\/dinsani.rs\/main\/wp-content\/uploads\/2016\/12\/pro8.jpg 399w, https:\/\/dinsani.rs\/main\/wp-content\/uploads\/2016\/12\/pro8-300x110.jpg 300w\" sizes=\"auto, (max-width: 399px) 100vw, 399px\" \/><\/a><\/div><\/div><div class=\" one-third\"><div class=\"w-image  animate_afr d2\"><a href=\"https:\/\/dinsani.rs\/main\/proizvodi-od-plastike\/\" title=\"\" target=\"\" rel=\"\"><img loading=\"lazy\" decoding=\"async\" width=\"399\" height=\"146\" src=\"https:\/\/dinsani.rs\/main\/wp-content\/uploads\/2016\/12\/pro9.jpg\" class=\"attachment-full size-full\" alt=\"\" srcset=\"https:\/\/dinsani.rs\/main\/wp-content\/uploads\/2016\/12\/pro9.jpg 399w, https:\/\/dinsani.rs\/main\/wp-content\/uploads\/2016\/12\/pro9-300x110.jpg 300w\" sizes=\"auto, (max-width: 399px) 100vw, 399px\" \/><\/a><\/div><\/div><\/div><div class=\"w-separator type_short size_small thick_1 style_solid color_border cont_none\"><span class=\"w-separator-h\"><\/span><\/div><div class=\"g-cols wpb_row offset_small vc_inner \"><div class=\" one-third\"><div class=\"w-image  animate_afl d2\"><a href=\"https:\/\/dinsani.rs\/main\/gelovi-za-tusiranje\/\" title=\"\" target=\"\" rel=\"\"><img loading=\"lazy\" decoding=\"async\" width=\"399\" height=\"146\" src=\"https:\/\/dinsani.rs\/main\/wp-content\/uploads\/2021\/02\/gelovi-za-tus-dugme.jpg\" class=\"attachment-full size-full\" alt=\"\" srcset=\"https:\/\/dinsani.rs\/main\/wp-content\/uploads\/2021\/02\/gelovi-za-tus-dugme.jpg 399w, https:\/\/dinsani.rs\/main\/wp-content\/uploads\/2021\/02\/gelovi-za-tus-dugme-300x110.jpg 300w, https:\/\/dinsani.rs\/main\/wp-content\/uploads\/2021\/02\/gelovi-za-tus-dugme-250x91.jpg 250w\" sizes=\"auto, (max-width: 399px) 100vw, 399px\" \/><\/a><\/div><\/div><div class=\" one-third\"><\/div><div class=\" one-third\"><\/div><\/div><\/div><\/div><\/div><\/section>\n","protected":false},"excerpt":{"rendered":"U na\u0161em proizvodnom programu je na stotine raznih hemijskih proizvoda, za pranje posudja, te\u010dnih sapuna za pranje ruku, \u0161ampona, balzama za kosu, kiselina itd. Konstantnim usavr\u0161avanjem na\u0161ih proizvodnih kapaciteta i ljudstva, dobijamo na kvalitetu proizvoda, koji su konkurenti na velikom i razvijenom tr\u017ei\u0161tu hemijskih proizvoda.","protected":false},"author":1,"featured_media":0,"parent":0,"menu_order":0,"comment_status":"closed","ping_status":"closed","template":"","meta":{"footnotes":""},"class_list":["post-14","page","type-page","status-publish","hentry"],"_links":{"self":[{"href":"https:\/\/dinsani.rs\/main\/wp-json\/wp\/v2\/pages\/14","targetHints":{"allow":["GET"]}}],"collection":[{"href":"https:\/\/dinsani.rs\/main\/wp-json\/wp\/v2\/pages"}],"about":[{"href":"https:\/\/dinsani.rs\/main\/wp-json\/wp\/v2\/types\/page"}],"author":[{"embeddable":true,"href":"https:\/\/dinsani.rs\/main\/wp-json\/wp\/v2\/users\/1"}],"replies":[{"embeddable":true,"href":"https:\/\/dinsani.rs\/main\/wp-json\/wp\/v2\/comments?post=14"}],"version-history":[{"count":2,"href":"https:\/\/dinsani.rs\/main\/wp-json\/wp\/v2\/pages\/14\/revisions"}],"predecessor-version":[{"id":9381,"href":"https:\/\/dinsani.rs\/main\/wp-json\/wp\/v2\/pages\/14\/revisions\/9381"}],"wp:attachment":[{"href":"https:\/\/dinsani.rs\/main\/wp-json\/wp\/v2\/media?parent=14"}],"curies":[{"name":"wp","href":"https:\/\/api.w.org\/{rel}","templated":true}]}}