{"id":4,"date":"2016-12-12T19:54:27","date_gmt":"2016-12-12T19:54:27","guid":{"rendered":"https:\/\/dinsani.rs\/main\/?page_id=4"},"modified":"2026-02-06T09:25:12","modified_gmt":"2026-02-06T09:25:12","slug":"o-nama","status":"publish","type":"page","link":"https:\/\/dinsani.rs\/main\/o-nama\/","title":{"rendered":"O nama"},"content":{"rendered":"<section class=\"l-section wpb_row height_small with_img parallax_ver\"><div class=\"l-section-img\" style=\"background-image: url(https:\/\/dinsani.rs\/main\/wp-content\/uploads\/2013\/12\/layerslide2.jpg);background-repeat: no-repeat;\" data-img-width=\"1920\" data-img-height=\"700\"><\/div><div class=\"l-section-h i-cf\"><div class=\"g-cols offset_none\"><div class=\" one-half animate_hfc d3  vc_custom_1481665700964\"><div class=\"wpb_text_column \"><div class=\"wpb_wrapper\">\n<h3><strong>Proizvodnja ku\u0107ne hemije<\/strong><\/h3>\n<\/div> <\/div> <div class=\"wpb_text_column \"><div class=\"wpb_wrapper\"><p>Preduze\u0107e D&amp;N Sani iz Lapova osnovano je devedesetih godina pro\u0161log veka kao preduze\u0107e za trgovinu na veliko i malo. \u00a0Uprkos te\u0161kim vremenima koja su zadesila na\u0161u privredu, uspelo je da se izbori sa svim problemima i pro\u0161iri delatnost na preduze\u0107e za proizvodnju i prodaju ku\u0107ne hemije.<\/p><\/div> <\/div> <div class=\"wpb_text_column \"><div class=\"wpb_wrapper\"><p>Tokom narednih godina proizvodnja ku\u0107ne hemije \u0107e postati glavna delatnost preduze\u0107a.<\/p><\/div> <\/div> <div class=\"w-video ratio_16x9\"><div class=\"w-video-h\"><iframe loading=\"lazy\" width=\"420\" height=\"315\" src=\"\/\/www.youtube.com\/embed\/wc7XjtxArsM\" allowfullscreen><\/iframe><\/div><\/div><\/div><div class=\" one-half animate_afc d2  vc_custom_1669105331432\"><div class=\"wpb_text_column \"><div class=\"wpb_wrapper\">\n<h3><strong>Moderni proizvodni kapaciteti<\/strong><\/h3>\n<\/div> <\/div> <div class=\"wpb_text_column \"><div class=\"wpb_wrapper\"><iframe loading=\"lazy\" title=\"YouTube video player\" src=\"https:\/\/www.youtube.com\/embed\/XBa0zRIJgAw\" width=\"560\" height=\"315\" frameborder=\"0\" allowfullscreen=\"allowfullscreen\"><\/iframe><\/div> <\/div> <\/div><\/div><\/div><\/section><section class=\"l-section wpb_row height_medium with_img parallax_ver parallaxdir_reversed\"><div class=\"l-section-img\" style=\"background-image: url(https:\/\/dinsani.rs\/main\/wp-content\/uploads\/2016\/12\/download23232.jpg);\" data-img-width=\"1920\" data-img-height=\"1280\"><\/div><div class=\"l-section-h i-cf\"><div class=\"g-cols offset_small\"><div class=\" full-width\"><div class=\"w-separator type_short size_medium thick_1 style_dotted color_border cont_none\"><span class=\"w-separator-h\"><\/span><\/div><div class=\"w-iconbox iconpos_top size_medium style_default color_light no_text\"><div class=\"w-iconbox-icon\"><i class=\"fa fa-star\"><\/i><\/div><\/div><div class=\"wpb_text_column \"><div class=\"wpb_wrapper\">\n<h4 style=\"text-align: center;\"><span style=\"color: #ffffff;\">Srbija, Crna Gora, Makedonija, Bosna i Hercegovina<\/span><\/h4>\n<h6 style=\"text-align: center;\"><span style=\"color: #ffffff;\">Tokom 30 godina poslovanja ostvarili smo velike uspehe i pro\u0161ili mre\u017eu kupaca<br \/>\npo celoj zemlji i izvan nje, tako da sara\u0111ujemo sa preko sto velikih i malih preduze\u0107a<\/span><\/h6>\n<\/div> <\/div> <div class=\"w-separator type_short size_medium thick_1 style_dotted color_border cont_none\"><span class=\"w-separator-h\"><\/span><\/div><\/div><\/div><\/div><\/section><section class=\"l-section wpb_row height_medium\"><div class=\"l-section-h i-cf\"><div class=\"g-cols offset_small\"><div class=\" one-half\"><div class=\"wpb_text_column \"><div class=\"wpb_wrapper\">\n<h4 style=\"text-align: left;\">POTRO\u0160A\u010cI I NJIHOVE POTREBE NA PRVOM MESTU!<\/h4>\n<\/div> <\/div> <div class=\"wpb_text_column \"><div class=\"wpb_wrapper\"><p>Radi pobolj\u0161anja kvaliteta proizvoda i usluga D&amp;N Sani pored stalnih radnika zapo\u0161ljava visoko obrazovani kadar tehnologa, kao i tim ljudi za ispitivanje marketinga i tr\u017ei\u0161ta.<br \/>\nSvojim kvalitetom iz godine u godinu sti\u010demo nove uspehe kako na doma\u0107em tr\u017ei\u0161tu tako i na tr\u017ei\u0161tima susednih zemalja: Crne Gore, Bosne i Hercegovine, Bugarske, Makedonije, Rumunije.<\/p>\n<p>U cilju smanjenja cena gotovih proizvoda razvili smo \u00a0sopstven sistem proizvodnje duvane, brizgane i PET ambala\u017ee, tako da u svojoj ponudi pored ku\u0107ne hemije imamo i proizvode te vrste.<\/p><\/div> <\/div> <div class=\"w-video ratio_16x9\"><div class=\"w-video-h\"><iframe loading=\"lazy\" width=\"420\" height=\"315\" src=\"\/\/www.youtube.com\/embed\/rtLtbTbhD2U\" allowfullscreen><\/iframe><\/div><\/div><\/div><div class=\" one-half\"><div class=\"w-image  animate_afb d2\"><a href=\"https:\/\/dinsani.rs\/main\/wp-content\/uploads\/2026\/02\/snew.jpg\" ref=\"magnificPopup\"><img loading=\"lazy\" decoding=\"async\" width=\"547\" height=\"623\" src=\"https:\/\/dinsani.rs\/main\/wp-content\/uploads\/2026\/02\/snew.jpg\" class=\"attachment-full size-full\" alt=\"\" srcset=\"https:\/\/dinsani.rs\/main\/wp-content\/uploads\/2026\/02\/snew.jpg 547w, https:\/\/dinsani.rs\/main\/wp-content\/uploads\/2026\/02\/snew-300x342.jpg 300w, https:\/\/dinsani.rs\/main\/wp-content\/uploads\/2026\/02\/snew-250x285.jpg 250w\" sizes=\"auto, (max-width: 547px) 100vw, 547px\" \/><\/a><\/div><\/div><\/div><\/div><\/section><section class=\"l-section wpb_row height_medium with_img parallax_ver\"><div class=\"l-section-img\" style=\"background-image: url(https:\/\/dinsani.rs\/main\/wp-content\/uploads\/2013\/09\/modern-wallpapers.jpg);\" data-img-width=\"1600\" data-img-height=\"1000\"><\/div><div class=\"l-section-h i-cf\"><div class=\"g-cols offset_small\"><div class=\" one-half\"><div class=\"w-image  animate_aft d4 vc_custom_1483398669564\"><img loading=\"lazy\" decoding=\"async\" width=\"549\" height=\"436\" src=\"https:\/\/dinsani.rs\/main\/wp-content\/uploads\/2016\/12\/lab3.jpg\" class=\"attachment-full size-full\" alt=\"\" srcset=\"https:\/\/dinsani.rs\/main\/wp-content\/uploads\/2016\/12\/lab3.jpg 549w, https:\/\/dinsani.rs\/main\/wp-content\/uploads\/2016\/12\/lab3-300x238.jpg 300w\" sizes=\"auto, (max-width: 549px) 100vw, 549px\" \/><\/div><\/div><div class=\" one-half\"><div class=\"wpb_text_column \"><div class=\"wpb_wrapper\">\n<h4 style=\"text-align: left;\"><span style=\"color: #ffffff;\">DELO NA\u0160IH STRU\u010cNJAKA!<\/span><\/h4>\n<\/div> <\/div> <div class=\"wpb_text_column \"><div class=\"wpb_wrapper\"><span style=\"color: #ffffff;\">Garancija vrhunske stru\u010dnosti i profesionalne ekspertize u dijagnosti\u010dkom i savetodavnom delu rada kao i u kontroli kvaliteta i procesa proizvodnje hemijskih preparata. Raspola\u017eu\u0107i ukupnim iskustvom od preko 20 godina radnog sta\u017ea i prezentuju\u0107i svoj rad i inovacije na stru\u010dnim skupovima i forumima, rukovode\u0107i tim \u00a0je svojom besprekornom reputacijom utemeljio poverenje zadovoljnih klijenata<span id=\"more-114\"><\/span>\u00a0kojima pristupa individualno i posve\u0107eno.<\/span><\/p>\n<p><span style=\"color: #ffffff;\">Sve hemijske formule na\u0161ih proizvoda i proizvodnog programa delo su na\u0161ih stru\u010dnjaka i neposredna su potvrda na\u0161ih vrhunskih referenci i profesionalnih dometa. Svi proizvodi generisani su kao inovativne i unikatne kombinacije probranih prirodnih sastojaka koje garantuju da klijenti kompanije dobijaju esenciju vi\u0161edecenijskog iskustva, znanja i sposobnosti \u00a0stru\u010dnog tima najvi\u0161e profesionalne kompetencije. Povrh toga, iskustvo na\u0161eg laboratorijskog tima podr\u017eano je entuzijazmom, stru\u010dnim znanjem i marljivim radom probranog tima mladih hemi\u010dara, koji svakodnevno predano rade. Ova jedinstvena sinergija je osnova konstantnog napretka kao i odr\u017eavanja referentnog kvaliteta proizvoda i usluga.<\/span><\/div> <\/div> <\/div><\/div><\/div><\/section>\n","protected":false},"excerpt":{"rendered":"Proizvodnja ku\u0107ne hemije Preduze\u0107e D&amp;N Sani iz Lapova osnovano je devedesetih godina pro\u0161log veka kao preduze\u0107e za trgovinu na veliko i malo. \u00a0Uprkos te\u0161kim vremenima koja su zadesila na\u0161u privredu, uspelo je da se izbori sa svim problemima i pro\u0161iri delatnost na preduze\u0107e za proizvodnju i prodaju ku\u0107ne hemije. Tokom narednih godina proizvodnja ku\u0107ne hemije...","protected":false},"author":1,"featured_media":0,"parent":0,"menu_order":0,"comment_status":"closed","ping_status":"closed","template":"","meta":{"footnotes":""},"class_list":["post-4","page","type-page","status-publish","hentry"],"_links":{"self":[{"href":"https:\/\/dinsani.rs\/main\/wp-json\/wp\/v2\/pages\/4","targetHints":{"allow":["GET"]}}],"collection":[{"href":"https:\/\/dinsani.rs\/main\/wp-json\/wp\/v2\/pages"}],"about":[{"href":"https:\/\/dinsani.rs\/main\/wp-json\/wp\/v2\/types\/page"}],"author":[{"embeddable":true,"href":"https:\/\/dinsani.rs\/main\/wp-json\/wp\/v2\/users\/1"}],"replies":[{"embeddable":true,"href":"https:\/\/dinsani.rs\/main\/wp-json\/wp\/v2\/comments?post=4"}],"version-history":[{"count":20,"href":"https:\/\/dinsani.rs\/main\/wp-json\/wp\/v2\/pages\/4\/revisions"}],"predecessor-version":[{"id":9896,"href":"https:\/\/dinsani.rs\/main\/wp-json\/wp\/v2\/pages\/4\/revisions\/9896"}],"wp:attachment":[{"href":"https:\/\/dinsani.rs\/main\/wp-json\/wp\/v2\/media?parent=4"}],"curies":[{"name":"wp","href":"https:\/\/api.w.org\/{rel}","templated":true}]}}