{"id":8329,"date":"2016-12-28T08:18:19","date_gmt":"2016-12-28T08:18:19","guid":{"rendered":"https:\/\/dinsani.rs\/main\/?page_id=8329"},"modified":"2022-12-21T14:50:42","modified_gmt":"2022-12-21T14:50:42","slug":"tecnosti-za-pranje-posudja","status":"publish","type":"page","link":"https:\/\/dinsani.rs\/main\/tecnosti-za-pranje-posudja\/","title":{"rendered":"Te\u010dnosti za pranje posudja"},"content":{"rendered":"<section class=\"l-section wpb_row height_full with_img\"><div class=\"l-section-img\" style=\"background-image: url(https:\/\/dinsani.rs\/main\/wp-content\/uploads\/2016\/12\/pozz55.jpg);\" data-img-width=\"4096\" data-img-height=\"3072\"><\/div><div class=\"l-section-h i-cf\"><div class=\"g-cols offset_small\"><div class=\" one-half animate_afb d3\"><div class=\"w-image  align_center animate_afb d4\"><img loading=\"lazy\" decoding=\"async\" width=\"1200\" height=\"1200\" src=\"https:\/\/dinsani.rs\/main\/wp-content\/uploads\/2016\/12\/bigs8.png\" class=\"attachment-full size-full\" alt=\"\" srcset=\"https:\/\/dinsani.rs\/main\/wp-content\/uploads\/2016\/12\/bigs8.png 1200w, https:\/\/dinsani.rs\/main\/wp-content\/uploads\/2016\/12\/bigs8-300x300.png 300w, https:\/\/dinsani.rs\/main\/wp-content\/uploads\/2016\/12\/bigs8-768x768.png 768w, https:\/\/dinsani.rs\/main\/wp-content\/uploads\/2016\/12\/bigs8-1024x1024.png 1024w, https:\/\/dinsani.rs\/main\/wp-content\/uploads\/2016\/12\/bigs8-350x350.png 350w, https:\/\/dinsani.rs\/main\/wp-content\/uploads\/2016\/12\/bigs8-600x600.png 600w\" sizes=\"auto, (max-width: 1200px) 100vw, 1200px\" \/><\/div><\/div><div class=\" one-half animate_afb d5\"><div class=\"w-separator type_invisible size_medium thick_1 style_solid color_border cont_none\"><span class=\"w-separator-h\"><\/span><\/div><div class=\"w-image  animate_afr d5\"><img loading=\"lazy\" decoding=\"async\" width=\"341\" height=\"81\" src=\"https:\/\/dinsani.rs\/main\/wp-content\/uploads\/2016\/12\/tekst4.png\" class=\"attachment-full size-full\" alt=\"\" srcset=\"https:\/\/dinsani.rs\/main\/wp-content\/uploads\/2016\/12\/tekst4.png 341w, https:\/\/dinsani.rs\/main\/wp-content\/uploads\/2016\/12\/tekst4-300x71.png 300w\" sizes=\"auto, (max-width: 341px) 100vw, 341px\" \/><\/div><div class=\"wpb_text_column \"><div class=\"wpb_wrapper\"><div class=\"cl-popup align_left\"><a href=\"javascript:void(0)\" class=\"cl-popup-trigger type_btn cl-btn\" style=\"color:#ffffff;background-color:#09b5e5;\"><span>Te\u010dnost za pranje posu\u0111a 5 L<\/span><\/a><div class=\"cl-popup-overlay\" style=\"background-color:rgba(0,162,226,0.75);\"><\/div><div class=\"cl-popup-wrap\"><div class=\"cl-popup-box size_m animation_flipVer\"><div class=\"cl-popup-box-h\"><div class=\"cl-popup-box-content\" style=\"color:#333333;background-color:#ffffff;\">\n<div class=\"w-gallery layout_default cols_2 link_media\"><div class=\"w-gallery-list\"><a class=\"w-gallery-item order_1\" href=\"https:\/\/dinsani.rs\/main\/wp-content\/uploads\/2016\/12\/MAG-5l-apple.jpeg\" title=\"MAG-5l-apple\"><img loading=\"lazy\" decoding=\"async\" width=\"423\" height=\"600\" src=\"https:\/\/dinsani.rs\/main\/wp-content\/uploads\/2016\/12\/MAG-5l-apple-423x600.jpeg\" class=\"w-gallery-item-img\" alt=\"\" srcset=\"https:\/\/dinsani.rs\/main\/wp-content\/uploads\/2016\/12\/MAG-5l-apple.jpeg 423w, https:\/\/dinsani.rs\/main\/wp-content\/uploads\/2016\/12\/MAG-5l-apple-212x300.jpeg 212w\" sizes=\"auto, (max-width: 423px) 100vw, 423px\" \/><span class=\"w-gallery-item-hover\"><\/span><span class=\"w-gallery-item-title\">MAG-5l-apple<\/span><\/a><a class=\"w-gallery-item order_2\" href=\"https:\/\/dinsani.rs\/main\/wp-content\/uploads\/2016\/12\/MAG-5l-lemon.jpeg\" title=\"MAG-5l-lemon\"><img loading=\"lazy\" decoding=\"async\" width=\"423\" height=\"600\" src=\"https:\/\/dinsani.rs\/main\/wp-content\/uploads\/2016\/12\/MAG-5l-lemon-423x600.jpeg\" class=\"w-gallery-item-img\" alt=\"\" srcset=\"https:\/\/dinsani.rs\/main\/wp-content\/uploads\/2016\/12\/MAG-5l-lemon.jpeg 423w, https:\/\/dinsani.rs\/main\/wp-content\/uploads\/2016\/12\/MAG-5l-lemon-212x300.jpeg 212w\" sizes=\"auto, (max-width: 423px) 100vw, 423px\" \/><span class=\"w-gallery-item-hover\"><\/span><span class=\"w-gallery-item-title\">MAG-5l-lemon<\/span><\/a><\/div><\/div>\n\n<\/div><div class=\"cl-popup-box-closer\"><\/div><\/div><\/div><div class=\"cl-popup-closer\"><\/div><\/div><\/div><\/div> <\/div> <div class=\"wpb_text_column \"><div class=\"wpb_wrapper\"><div class=\"cl-popup align_left\"><a href=\"javascript:void(0)\" class=\"cl-popup-trigger type_btn cl-btn\" style=\"color:#ffffff;background-color:#09b5e5;\"><span>Te\u010dnost za pranje posu\u0111a 3 L<\/span><\/a><div class=\"cl-popup-overlay\" style=\"background-color:rgba(0,162,226,0.75);\"><\/div><div class=\"cl-popup-wrap\"><div class=\"cl-popup-box size_xl animation_flipVer\"><div class=\"cl-popup-box-h\"><div class=\"cl-popup-box-content\" style=\"color:#333333;background-color:#ffffff;\">\n<div class=\"w-gallery layout_default cols_3 link_media\"><div class=\"w-gallery-list\"><a class=\"w-gallery-item order_1\" href=\"https:\/\/dinsani.rs\/main\/wp-content\/uploads\/2016\/12\/MAG-3l-apple.jpeg\" title=\"MAG-3l-apple\"><img loading=\"lazy\" decoding=\"async\" width=\"423\" height=\"600\" src=\"https:\/\/dinsani.rs\/main\/wp-content\/uploads\/2016\/12\/MAG-3l-apple-423x600.jpeg\" class=\"w-gallery-item-img\" alt=\"\" srcset=\"https:\/\/dinsani.rs\/main\/wp-content\/uploads\/2016\/12\/MAG-3l-apple.jpeg 423w, https:\/\/dinsani.rs\/main\/wp-content\/uploads\/2016\/12\/MAG-3l-apple-212x300.jpeg 212w\" sizes=\"auto, (max-width: 423px) 100vw, 423px\" \/><span class=\"w-gallery-item-hover\"><\/span><span class=\"w-gallery-item-title\">MAG-3l-apple<\/span><\/a><a class=\"w-gallery-item order_2\" href=\"https:\/\/dinsani.rs\/main\/wp-content\/uploads\/2016\/12\/MAG-3l-lemon.jpeg\" title=\"MAG-3l-lemon\"><img loading=\"lazy\" decoding=\"async\" width=\"423\" height=\"600\" src=\"https:\/\/dinsani.rs\/main\/wp-content\/uploads\/2016\/12\/MAG-3l-lemon-423x600.jpeg\" class=\"w-gallery-item-img\" alt=\"\" srcset=\"https:\/\/dinsani.rs\/main\/wp-content\/uploads\/2016\/12\/MAG-3l-lemon.jpeg 423w, https:\/\/dinsani.rs\/main\/wp-content\/uploads\/2016\/12\/MAG-3l-lemon-212x300.jpeg 212w\" sizes=\"auto, (max-width: 423px) 100vw, 423px\" \/><span class=\"w-gallery-item-hover\"><\/span><span class=\"w-gallery-item-title\">MAG-3l-lemon<\/span><\/a><a class=\"w-gallery-item order_3\" href=\"https:\/\/dinsani.rs\/main\/wp-content\/uploads\/2016\/12\/MAG-3l-orange.jpeg\" title=\"MAG-3l-orange\"><img loading=\"lazy\" decoding=\"async\" width=\"423\" height=\"600\" src=\"https:\/\/dinsani.rs\/main\/wp-content\/uploads\/2016\/12\/MAG-3l-orange-423x600.jpeg\" class=\"w-gallery-item-img\" alt=\"\" srcset=\"https:\/\/dinsani.rs\/main\/wp-content\/uploads\/2016\/12\/MAG-3l-orange.jpeg 423w, https:\/\/dinsani.rs\/main\/wp-content\/uploads\/2016\/12\/MAG-3l-orange-212x300.jpeg 212w\" sizes=\"auto, (max-width: 423px) 100vw, 423px\" \/><span class=\"w-gallery-item-hover\"><\/span><span class=\"w-gallery-item-title\">MAG-3l-orange<\/span><\/a><\/div><\/div>\n\n<\/div><div class=\"cl-popup-box-closer\"><\/div><\/div><\/div><div class=\"cl-popup-closer\"><\/div><\/div><\/div><\/div> <\/div> <div class=\"wpb_text_column \"><div class=\"wpb_wrapper\"><div class=\"cl-popup align_left\"><a href=\"javascript:void(0)\" class=\"cl-popup-trigger type_btn cl-btn\" style=\"color:#ffffff;background-color:#09b5e5;\"><span>Te\u010dnost za pranje posu\u0111a 2 L<\/span><\/a><div class=\"cl-popup-overlay\" style=\"background-color:rgba(0,162,226,0.75);\"><\/div><div class=\"cl-popup-wrap\"><div class=\"cl-popup-box size_m animation_flipVer\"><div class=\"cl-popup-box-h\"><div class=\"cl-popup-box-content\" style=\"color:#333333;background-color:#ffffff;\">\n<div class=\"w-gallery layout_default cols_2 link_media\"><div class=\"w-gallery-list\"><a class=\"w-gallery-item order_1\" href=\"https:\/\/dinsani.rs\/main\/wp-content\/uploads\/2016\/12\/MAG-2l-apple.jpeg\" title=\"MAG-2l-apple\"><img loading=\"lazy\" decoding=\"async\" width=\"423\" height=\"600\" src=\"https:\/\/dinsani.rs\/main\/wp-content\/uploads\/2016\/12\/MAG-2l-apple-423x600.jpeg\" class=\"w-gallery-item-img\" alt=\"\" srcset=\"https:\/\/dinsani.rs\/main\/wp-content\/uploads\/2016\/12\/MAG-2l-apple.jpeg 423w, https:\/\/dinsani.rs\/main\/wp-content\/uploads\/2016\/12\/MAG-2l-apple-212x300.jpeg 212w\" sizes=\"auto, (max-width: 423px) 100vw, 423px\" \/><span class=\"w-gallery-item-hover\"><\/span><span class=\"w-gallery-item-title\">MAG-2l-apple<\/span><\/a><a class=\"w-gallery-item order_2\" href=\"https:\/\/dinsani.rs\/main\/wp-content\/uploads\/2016\/12\/MAG-2l-lemon.jpeg\" title=\"MAG-2l-lemon\"><img loading=\"lazy\" decoding=\"async\" width=\"423\" height=\"600\" src=\"https:\/\/dinsani.rs\/main\/wp-content\/uploads\/2016\/12\/MAG-2l-lemon-423x600.jpeg\" class=\"w-gallery-item-img\" alt=\"\" srcset=\"https:\/\/dinsani.rs\/main\/wp-content\/uploads\/2016\/12\/MAG-2l-lemon.jpeg 423w, https:\/\/dinsani.rs\/main\/wp-content\/uploads\/2016\/12\/MAG-2l-lemon-212x300.jpeg 212w\" sizes=\"auto, (max-width: 423px) 100vw, 423px\" \/><span class=\"w-gallery-item-hover\"><\/span><span class=\"w-gallery-item-title\">MAG-2l-lemon<\/span><\/a><\/div><\/div>\n\n<\/div><div class=\"cl-popup-box-closer\"><\/div><\/div><\/div><div class=\"cl-popup-closer\"><\/div><\/div><\/div><\/div> <\/div> <div class=\"wpb_text_column \"><div class=\"wpb_wrapper\"><div class=\"cl-popup align_left\"><a href=\"javascript:void(0)\" class=\"cl-popup-trigger type_btn cl-btn\" style=\"color:#ffffff;background-color:#09b5e5;\"><span>Te\u010dnost za pranje posu\u0111a 1 L<\/span><\/a><div class=\"cl-popup-overlay\" style=\"background-color:rgba(0,162,226,0.75);\"><\/div><div class=\"cl-popup-wrap\"><div class=\"cl-popup-box size_m animation_flipVer\"><div class=\"cl-popup-box-h\"><div class=\"cl-popup-box-content\" style=\"color:#333333;background-color:#ffffff;\">\n<div class=\"w-gallery layout_default cols_3 link_media\"><div class=\"w-gallery-list\"><a class=\"w-gallery-item order_1\" href=\"https:\/\/dinsani.rs\/main\/wp-content\/uploads\/2016\/12\/MAG-1l-apple.jpeg\" title=\"MAG-1l-apple\"><img loading=\"lazy\" decoding=\"async\" width=\"426\" height=\"600\" src=\"https:\/\/dinsani.rs\/main\/wp-content\/uploads\/2016\/12\/MAG-1l-apple-426x600.jpeg\" class=\"w-gallery-item-img\" alt=\"\" srcset=\"https:\/\/dinsani.rs\/main\/wp-content\/uploads\/2016\/12\/MAG-1l-apple.jpeg 426w, https:\/\/dinsani.rs\/main\/wp-content\/uploads\/2016\/12\/MAG-1l-apple-213x300.jpeg 213w\" sizes=\"auto, (max-width: 426px) 100vw, 426px\" \/><span class=\"w-gallery-item-hover\"><\/span><span class=\"w-gallery-item-title\">MAG-1l-apple<\/span><\/a><a class=\"w-gallery-item order_2\" href=\"https:\/\/dinsani.rs\/main\/wp-content\/uploads\/2016\/12\/MAG-1l-lemon.jpeg\" title=\"MAG-1l-lemon\"><img loading=\"lazy\" decoding=\"async\" width=\"426\" height=\"600\" src=\"https:\/\/dinsani.rs\/main\/wp-content\/uploads\/2016\/12\/MAG-1l-lemon-426x600.jpeg\" class=\"w-gallery-item-img\" alt=\"\" srcset=\"https:\/\/dinsani.rs\/main\/wp-content\/uploads\/2016\/12\/MAG-1l-lemon.jpeg 426w, https:\/\/dinsani.rs\/main\/wp-content\/uploads\/2016\/12\/MAG-1l-lemon-213x300.jpeg 213w\" sizes=\"auto, (max-width: 426px) 100vw, 426px\" \/><span class=\"w-gallery-item-hover\"><\/span><span class=\"w-gallery-item-title\">MAG-1l-lemon<\/span><\/a><a class=\"w-gallery-item order_3\" href=\"https:\/\/dinsani.rs\/main\/wp-content\/uploads\/2016\/12\/MAG-1l-orange.jpeg\" title=\"MAG-1l-orange\"><img loading=\"lazy\" decoding=\"async\" width=\"426\" height=\"600\" src=\"https:\/\/dinsani.rs\/main\/wp-content\/uploads\/2016\/12\/MAG-1l-orange-426x600.jpeg\" class=\"w-gallery-item-img\" alt=\"\" srcset=\"https:\/\/dinsani.rs\/main\/wp-content\/uploads\/2016\/12\/MAG-1l-orange.jpeg 426w, https:\/\/dinsani.rs\/main\/wp-content\/uploads\/2016\/12\/MAG-1l-orange-213x300.jpeg 213w\" sizes=\"auto, (max-width: 426px) 100vw, 426px\" \/><span class=\"w-gallery-item-hover\"><\/span><span class=\"w-gallery-item-title\">MAG-1l-orange<\/span><\/a><a class=\"w-gallery-item order_4\" href=\"https:\/\/dinsani.rs\/main\/wp-content\/uploads\/2021\/01\/MAG-1l-balsam-white.jpg\" title=\"MAG-1l-Balsam\"><img loading=\"lazy\" decoding=\"async\" width=\"426\" height=\"600\" src=\"https:\/\/dinsani.rs\/main\/wp-content\/uploads\/2021\/01\/MAG-1l-balsam-white.jpg\" class=\"w-gallery-item-img\" alt=\"\" srcset=\"https:\/\/dinsani.rs\/main\/wp-content\/uploads\/2021\/01\/MAG-1l-balsam-white.jpg 426w, https:\/\/dinsani.rs\/main\/wp-content\/uploads\/2021\/01\/MAG-1l-balsam-white-284x400.jpg 284w, https:\/\/dinsani.rs\/main\/wp-content\/uploads\/2021\/01\/MAG-1l-balsam-white-250x352.jpg 250w\" sizes=\"auto, (max-width: 426px) 100vw, 426px\" \/><span class=\"w-gallery-item-hover\"><\/span><span class=\"w-gallery-item-title\">MAG-1l-Balsam<\/span><\/a><a class=\"w-gallery-item order_5\" href=\"https:\/\/dinsani.rs\/main\/wp-content\/uploads\/2016\/12\/WAX-pink.jpeg\" title=\"WAX-pink\"><img loading=\"lazy\" decoding=\"async\" width=\"426\" height=\"600\" src=\"https:\/\/dinsani.rs\/main\/wp-content\/uploads\/2016\/12\/WAX-pink-426x600.jpeg\" class=\"w-gallery-item-img\" alt=\"\" srcset=\"https:\/\/dinsani.rs\/main\/wp-content\/uploads\/2016\/12\/WAX-pink.jpeg 426w, https:\/\/dinsani.rs\/main\/wp-content\/uploads\/2016\/12\/WAX-pink-213x300.jpeg 213w\" sizes=\"auto, (max-width: 426px) 100vw, 426px\" \/><span class=\"w-gallery-item-hover\"><\/span><span class=\"w-gallery-item-title\">WAX-pink<\/span><\/a><a class=\"w-gallery-item order_6\" href=\"https:\/\/dinsani.rs\/main\/wp-content\/uploads\/2016\/12\/WAX-zeleni.jpeg\" title=\"WAX-zeleni\"><img loading=\"lazy\" decoding=\"async\" width=\"426\" height=\"600\" src=\"https:\/\/dinsani.rs\/main\/wp-content\/uploads\/2016\/12\/WAX-zeleni-426x600.jpeg\" class=\"w-gallery-item-img\" alt=\"\" srcset=\"https:\/\/dinsani.rs\/main\/wp-content\/uploads\/2016\/12\/WAX-zeleni.jpeg 426w, https:\/\/dinsani.rs\/main\/wp-content\/uploads\/2016\/12\/WAX-zeleni-213x300.jpeg 213w\" sizes=\"auto, (max-width: 426px) 100vw, 426px\" \/><span class=\"w-gallery-item-hover\"><\/span><span class=\"w-gallery-item-title\">WAX-zeleni<\/span><\/a><a class=\"w-gallery-item order_7\" href=\"https:\/\/dinsani.rs\/main\/wp-content\/uploads\/2016\/12\/WAX-zuti.jpeg\" title=\"WAX-zuti\"><img loading=\"lazy\" decoding=\"async\" width=\"426\" height=\"600\" src=\"https:\/\/dinsani.rs\/main\/wp-content\/uploads\/2016\/12\/WAX-zuti-426x600.jpeg\" class=\"w-gallery-item-img\" alt=\"\" srcset=\"https:\/\/dinsani.rs\/main\/wp-content\/uploads\/2016\/12\/WAX-zuti.jpeg 426w, https:\/\/dinsani.rs\/main\/wp-content\/uploads\/2016\/12\/WAX-zuti-213x300.jpeg 213w\" sizes=\"auto, (max-width: 426px) 100vw, 426px\" \/><span class=\"w-gallery-item-hover\"><\/span><span class=\"w-gallery-item-title\">WAX-zuti<\/span><\/a><\/div><\/div>\n\n<\/div><div class=\"cl-popup-box-closer\"><\/div><\/div><\/div><div class=\"cl-popup-closer\"><\/div><\/div><\/div><\/div> <\/div> <div class=\"wpb_text_column \"><div class=\"wpb_wrapper\"><div class=\"cl-popup align_left\"><a href=\"javascript:void(0)\" class=\"cl-popup-trigger type_btn cl-btn\" style=\"color:#ffffff;background-color:#09b5e5;\"><span>Te\u010dnost za pranje posu\u0111a 500 ml<\/span><\/a><div class=\"cl-popup-overlay\" style=\"background-color:rgba(0,162,226,0.75);\"><\/div><div class=\"cl-popup-wrap\"><div class=\"cl-popup-box size_xl animation_flipVer\"><div class=\"cl-popup-box-h\"><div class=\"cl-popup-box-content\" style=\"color:#333333;background-color:#ffffff;\">\n<div class=\"w-gallery layout_default cols_3 link_media\"><div class=\"w-gallery-list\"><a class=\"w-gallery-item order_1\" href=\"https:\/\/dinsani.rs\/main\/wp-content\/uploads\/2022\/12\/MAG-apple-500.jpg\" title=\"MAG-apple-500\"><img loading=\"lazy\" decoding=\"async\" width=\"426\" height=\"600\" src=\"https:\/\/dinsani.rs\/main\/wp-content\/uploads\/2022\/12\/MAG-apple-500.jpg\" class=\"w-gallery-item-img\" alt=\"\" srcset=\"https:\/\/dinsani.rs\/main\/wp-content\/uploads\/2022\/12\/MAG-apple-500.jpg 426w, https:\/\/dinsani.rs\/main\/wp-content\/uploads\/2022\/12\/MAG-apple-500-284x400.jpg 284w, https:\/\/dinsani.rs\/main\/wp-content\/uploads\/2022\/12\/MAG-apple-500-250x352.jpg 250w\" sizes=\"auto, (max-width: 426px) 100vw, 426px\" \/><span class=\"w-gallery-item-hover\"><\/span><span class=\"w-gallery-item-title\">MAG-apple-500<\/span><\/a><a class=\"w-gallery-item order_2\" href=\"https:\/\/dinsani.rs\/main\/wp-content\/uploads\/2022\/12\/MAG-limun-500.jpg\" title=\"MAG-limun-500\"><img loading=\"lazy\" decoding=\"async\" width=\"426\" height=\"600\" src=\"https:\/\/dinsani.rs\/main\/wp-content\/uploads\/2022\/12\/MAG-limun-500.jpg\" class=\"w-gallery-item-img\" alt=\"\" srcset=\"https:\/\/dinsani.rs\/main\/wp-content\/uploads\/2022\/12\/MAG-limun-500.jpg 426w, https:\/\/dinsani.rs\/main\/wp-content\/uploads\/2022\/12\/MAG-limun-500-284x400.jpg 284w, https:\/\/dinsani.rs\/main\/wp-content\/uploads\/2022\/12\/MAG-limun-500-250x352.jpg 250w\" sizes=\"auto, (max-width: 426px) 100vw, 426px\" \/><span class=\"w-gallery-item-hover\"><\/span><span class=\"w-gallery-item-title\">MAG-limun-500<\/span><\/a><a class=\"w-gallery-item order_3\" href=\"https:\/\/dinsani.rs\/main\/wp-content\/uploads\/2016\/12\/MAG-05-orange.jpeg\" title=\"MAG-05-orange\"><img loading=\"lazy\" decoding=\"async\" width=\"426\" height=\"600\" src=\"https:\/\/dinsani.rs\/main\/wp-content\/uploads\/2016\/12\/MAG-05-orange-426x600.jpeg\" class=\"w-gallery-item-img\" alt=\"\" srcset=\"https:\/\/dinsani.rs\/main\/wp-content\/uploads\/2016\/12\/MAG-05-orange.jpeg 426w, https:\/\/dinsani.rs\/main\/wp-content\/uploads\/2016\/12\/MAG-05-orange-213x300.jpeg 213w\" sizes=\"auto, (max-width: 426px) 100vw, 426px\" \/><span class=\"w-gallery-item-hover\"><\/span><span class=\"w-gallery-item-title\">MAG-05-orange<\/span><\/a><\/div><\/div>\n\n<\/div><div class=\"cl-popup-box-closer\"><\/div><\/div><\/div><div class=\"cl-popup-closer\"><\/div><\/div><\/div><\/div> <\/div> <div class=\"wpb_text_column \"><div class=\"wpb_wrapper\"><div class=\"cl-popup align_left\"><a href=\"javascript:void(0)\" class=\"cl-popup-trigger type_btn cl-btn\" style=\"color:#ffffff;background-color:#09b5e5;\"><span>Te\u010dnost za pranje posu\u0111a 375 ml<\/span><\/a><div class=\"cl-popup-overlay\" style=\"background-color:rgba(0,162,226,0.75);\"><\/div><div class=\"cl-popup-wrap\"><div class=\"cl-popup-box size_xl animation_flipVer\"><div class=\"cl-popup-box-h\"><div class=\"cl-popup-box-content\" style=\"color:#333333;background-color:#ffffff;\">\n<div class=\"w-gallery layout_default cols_3 link_media\"><div class=\"w-gallery-list\"><a class=\"w-gallery-item order_1\" href=\"https:\/\/dinsani.rs\/main\/wp-content\/uploads\/2016\/12\/NAIS-beli.jpeg\" title=\"NAIS-beli\"><img loading=\"lazy\" decoding=\"async\" width=\"426\" height=\"600\" src=\"https:\/\/dinsani.rs\/main\/wp-content\/uploads\/2016\/12\/NAIS-beli-426x600.jpeg\" class=\"w-gallery-item-img\" alt=\"\" srcset=\"https:\/\/dinsani.rs\/main\/wp-content\/uploads\/2016\/12\/NAIS-beli.jpeg 426w, https:\/\/dinsani.rs\/main\/wp-content\/uploads\/2016\/12\/NAIS-beli-213x300.jpeg 213w\" sizes=\"auto, (max-width: 426px) 100vw, 426px\" \/><span class=\"w-gallery-item-hover\"><\/span><span class=\"w-gallery-item-title\">NAIS-beli<\/span><\/a><a class=\"w-gallery-item order_2\" href=\"https:\/\/dinsani.rs\/main\/wp-content\/uploads\/2016\/12\/NAIS-zeleni.jpeg\" title=\"NAIS-zeleni\"><img loading=\"lazy\" decoding=\"async\" width=\"426\" height=\"600\" src=\"https:\/\/dinsani.rs\/main\/wp-content\/uploads\/2016\/12\/NAIS-zeleni-426x600.jpeg\" class=\"w-gallery-item-img\" alt=\"\" srcset=\"https:\/\/dinsani.rs\/main\/wp-content\/uploads\/2016\/12\/NAIS-zeleni.jpeg 426w, https:\/\/dinsani.rs\/main\/wp-content\/uploads\/2016\/12\/NAIS-zeleni-213x300.jpeg 213w\" sizes=\"auto, (max-width: 426px) 100vw, 426px\" \/><span class=\"w-gallery-item-hover\"><\/span><span class=\"w-gallery-item-title\">NAIS-zeleni<\/span><\/a><a class=\"w-gallery-item order_3\" href=\"https:\/\/dinsani.rs\/main\/wp-content\/uploads\/2016\/12\/NAIS-zuti.jpeg\" title=\"NAIS-zuti\"><img loading=\"lazy\" decoding=\"async\" width=\"426\" height=\"600\" src=\"https:\/\/dinsani.rs\/main\/wp-content\/uploads\/2016\/12\/NAIS-zuti-426x600.jpeg\" class=\"w-gallery-item-img\" alt=\"\" srcset=\"https:\/\/dinsani.rs\/main\/wp-content\/uploads\/2016\/12\/NAIS-zuti.jpeg 426w, https:\/\/dinsani.rs\/main\/wp-content\/uploads\/2016\/12\/NAIS-zuti-213x300.jpeg 213w\" sizes=\"auto, (max-width: 426px) 100vw, 426px\" \/><span class=\"w-gallery-item-hover\"><\/span><span class=\"w-gallery-item-title\">NAIS-zuti<\/span><\/a><\/div><\/div>\n\n<\/div><div class=\"cl-popup-box-closer\"><\/div><\/div><\/div><div class=\"cl-popup-closer\"><\/div><\/div><\/div><\/div> <\/div> <\/div><\/div><\/div><\/section>\n","protected":false},"excerpt":{"rendered":"Te\u010dnost za pranje posu\u0111a 5 L MAG-5l-appleMAG-5l-lemon Te\u010dnost za pranje posu\u0111a 3 L MAG-3l-appleMAG-3l-lemonMAG-3l-orange Te\u010dnost za pranje posu\u0111a 2 L MAG-2l-appleMAG-2l-lemon Te\u010dnost za pranje posu\u0111a 1 L MAG-1l-appleMAG-1l-lemonMAG-1l-orangeMAG-1l-BalsamWAX-pinkWAX-zeleniWAX-zuti Te\u010dnost za pranje posu\u0111a 500 ml MAG-apple-500MAG-limun-500MAG-05-orange Te\u010dnost za pranje posu\u0111a 375 ml NAIS-beliNAIS-zeleniNAIS-zuti","protected":false},"author":1,"featured_media":0,"parent":0,"menu_order":0,"comment_status":"closed","ping_status":"closed","template":"","meta":{"footnotes":""},"class_list":["post-8329","page","type-page","status-publish","hentry"],"_links":{"self":[{"href":"https:\/\/dinsani.rs\/main\/wp-json\/wp\/v2\/pages\/8329","targetHints":{"allow":["GET"]}}],"collection":[{"href":"https:\/\/dinsani.rs\/main\/wp-json\/wp\/v2\/pages"}],"about":[{"href":"https:\/\/dinsani.rs\/main\/wp-json\/wp\/v2\/types\/page"}],"author":[{"embeddable":true,"href":"https:\/\/dinsani.rs\/main\/wp-json\/wp\/v2\/users\/1"}],"replies":[{"embeddable":true,"href":"https:\/\/dinsani.rs\/main\/wp-json\/wp\/v2\/comments?post=8329"}],"version-history":[{"count":4,"href":"https:\/\/dinsani.rs\/main\/wp-json\/wp\/v2\/pages\/8329\/revisions"}],"predecessor-version":[{"id":9537,"href":"https:\/\/dinsani.rs\/main\/wp-json\/wp\/v2\/pages\/8329\/revisions\/9537"}],"wp:attachment":[{"href":"https:\/\/dinsani.rs\/main\/wp-json\/wp\/v2\/media?parent=8329"}],"curies":[{"name":"wp","href":"https:\/\/api.w.org\/{rel}","templated":true}]}}