{"id":8373,"date":"2016-12-28T19:20:47","date_gmt":"2016-12-28T19:20:47","guid":{"rendered":"https:\/\/dinsani.rs\/main\/?page_id=8373"},"modified":"2023-03-20T10:21:56","modified_gmt":"2023-03-20T10:21:56","slug":"omeksivaci-rublja","status":"publish","type":"page","link":"https:\/\/dinsani.rs\/main\/omeksivaci-rublja\/","title":{"rendered":"Omek\u0161iva\u010di rublja"},"content":{"rendered":"<section class=\"l-section wpb_row height_full with_img\"><div class=\"l-section-img\" style=\"background-image: url(https:\/\/dinsani.rs\/main\/wp-content\/uploads\/2016\/12\/5251c5074d7fa4c96656e0d15869903b.jpg);\" data-img-width=\"1920\" data-img-height=\"1080\"><\/div><div class=\"l-section-h i-cf\"><div class=\"g-cols offset_small\"><div class=\" one-half animate_afb d3\"><div class=\"w-image  align_center animate_afb d4\"><img loading=\"lazy\" decoding=\"async\" width=\"1200\" height=\"1200\" src=\"https:\/\/dinsani.rs\/main\/wp-content\/uploads\/2016\/12\/bigs9.png\" class=\"attachment-full size-full\" alt=\"\" srcset=\"https:\/\/dinsani.rs\/main\/wp-content\/uploads\/2016\/12\/bigs9.png 1200w, https:\/\/dinsani.rs\/main\/wp-content\/uploads\/2016\/12\/bigs9-150x150.png 150w, https:\/\/dinsani.rs\/main\/wp-content\/uploads\/2016\/12\/bigs9-300x300.png 300w, https:\/\/dinsani.rs\/main\/wp-content\/uploads\/2016\/12\/bigs9-768x768.png 768w, https:\/\/dinsani.rs\/main\/wp-content\/uploads\/2016\/12\/bigs9-1024x1024.png 1024w, https:\/\/dinsani.rs\/main\/wp-content\/uploads\/2016\/12\/bigs9-350x350.png 350w, https:\/\/dinsani.rs\/main\/wp-content\/uploads\/2016\/12\/bigs9-600x600.png 600w\" sizes=\"auto, (max-width: 1200px) 100vw, 1200px\" \/><\/div><\/div><div class=\" one-half animate_afb d5\"><div class=\"w-image  animate_afr d5\"><img loading=\"lazy\" decoding=\"async\" width=\"341\" height=\"81\" src=\"https:\/\/dinsani.rs\/main\/wp-content\/uploads\/2016\/12\/tekst5.png\" class=\"attachment-full size-full\" alt=\"\" srcset=\"https:\/\/dinsani.rs\/main\/wp-content\/uploads\/2016\/12\/tekst5.png 341w, https:\/\/dinsani.rs\/main\/wp-content\/uploads\/2016\/12\/tekst5-300x71.png 300w\" sizes=\"auto, (max-width: 341px) 100vw, 341px\" \/><\/div><div class=\"w-separator type_invisible size_medium thick_1 style_solid color_border cont_none\"><span class=\"w-separator-h\"><\/span><\/div><div class=\"w-tabs layout_default accordion title_left icon_none \"><div class=\"w-tabs-list items_5\"><div class=\"w-tabs-list-h\"><div class=\"w-tabs-item active\"><div class=\"w-tabs-item-h\"><span class=\"w-tabs-item-title\">Omek\u0161iva\u010di rublja 1L<\/span><\/div><\/div>\n<div class=\"w-tabs-item\"><div class=\"w-tabs-item-h\"><span class=\"w-tabs-item-title\">Omek\u0161iva\u010di rublja 2L<\/span><\/div><\/div>\n<div class=\"w-tabs-item\"><div class=\"w-tabs-item-h\"><span class=\"w-tabs-item-title\">Softys omek\u0161iva\u010di rublja 2L NOVO<\/span><\/div><\/div>\n<div class=\"w-tabs-item\"><div class=\"w-tabs-item-h\"><span class=\"w-tabs-item-title\">Omek\u0161iva\u010di rublja 500ml<\/span><\/div><\/div>\n<div class=\"w-tabs-item\"><div class=\"w-tabs-item-h\"><span class=\"w-tabs-item-title\">Omek\u0161iva\u010di rublja 5L<\/span><\/div><\/div>\n<\/div><\/div><div class=\"w-tabs-sections\"><div class=\"w-tabs-sections-h\"><div class=\"w-tabs-section color_custom no_indents active\" style=\"color: #ffffff;\"><div class=\"w-tabs-section-header\"><div class=\"w-tabs-section-header-h\"><h4 class=\"w-tabs-section-title\">Omek\u0161iva\u010di rublja 1L<\/h4><div class=\"w-tabs-section-control\"><\/div><\/div><\/div><div class=\"w-tabs-section-content\"><div class=\"w-tabs-section-content-h i-cf\"><div class=\"wpb_text_column \"><div class=\"wpb_wrapper\"><div class=\"w-gallery layout_default cols_3 with_indents link_media\"><div class=\"w-gallery-list\"><a class=\"w-gallery-item order_1\" href=\"https:\/\/dinsani.rs\/main\/wp-content\/uploads\/2016\/12\/Omeksivac-Softy-1l-oceanic.jpeg\" title=\"Omeksivac-Softy-1l-oceanic\"><img loading=\"lazy\" decoding=\"async\" width=\"426\" height=\"600\" src=\"https:\/\/dinsani.rs\/main\/wp-content\/uploads\/2016\/12\/Omeksivac-Softy-1l-oceanic-426x600.jpeg\" class=\"w-gallery-item-img\" alt=\"\" srcset=\"https:\/\/dinsani.rs\/main\/wp-content\/uploads\/2016\/12\/Omeksivac-Softy-1l-oceanic.jpeg 426w, https:\/\/dinsani.rs\/main\/wp-content\/uploads\/2016\/12\/Omeksivac-Softy-1l-oceanic-213x300.jpeg 213w\" sizes=\"auto, (max-width: 426px) 100vw, 426px\" \/><span class=\"w-gallery-item-hover\"><\/span><span class=\"w-gallery-item-title\">Omeksivac-Softy-1l-oceanic<\/span><\/a><a class=\"w-gallery-item order_2\" href=\"https:\/\/dinsani.rs\/main\/wp-content\/uploads\/2016\/12\/Omeksivac-Softy-1l-pink.jpeg\" title=\"Omeksivac-Softy-1l-pink\"><img loading=\"lazy\" decoding=\"async\" width=\"426\" height=\"600\" src=\"https:\/\/dinsani.rs\/main\/wp-content\/uploads\/2016\/12\/Omeksivac-Softy-1l-pink-426x600.jpeg\" class=\"w-gallery-item-img\" alt=\"\" srcset=\"https:\/\/dinsani.rs\/main\/wp-content\/uploads\/2016\/12\/Omeksivac-Softy-1l-pink.jpeg 426w, https:\/\/dinsani.rs\/main\/wp-content\/uploads\/2016\/12\/Omeksivac-Softy-1l-pink-213x300.jpeg 213w\" sizes=\"auto, (max-width: 426px) 100vw, 426px\" \/><span class=\"w-gallery-item-hover\"><\/span><span class=\"w-gallery-item-title\">Omeksivac-Softy-1l-pink<\/span><\/a><a class=\"w-gallery-item order_3\" href=\"https:\/\/dinsani.rs\/main\/wp-content\/uploads\/2016\/12\/Omeksivac-Softy-1l-white.jpeg\" title=\"Omeksivac-Softy-1l-white\"><img loading=\"lazy\" decoding=\"async\" width=\"426\" height=\"600\" src=\"https:\/\/dinsani.rs\/main\/wp-content\/uploads\/2016\/12\/Omeksivac-Softy-1l-white-426x600.jpeg\" class=\"w-gallery-item-img\" alt=\"\" srcset=\"https:\/\/dinsani.rs\/main\/wp-content\/uploads\/2016\/12\/Omeksivac-Softy-1l-white.jpeg 426w, https:\/\/dinsani.rs\/main\/wp-content\/uploads\/2016\/12\/Omeksivac-Softy-1l-white-213x300.jpeg 213w\" sizes=\"auto, (max-width: 426px) 100vw, 426px\" \/><span class=\"w-gallery-item-hover\"><\/span><span class=\"w-gallery-item-title\">Omeksivac-Softy-1l-white<\/span><\/a><\/div><\/div>\n<\/div> <\/div> <\/div><\/div><\/div><div class=\"w-tabs-section color_custom no_indents\" style=\"color: #ffffff;\"><div class=\"w-tabs-section-header\"><div class=\"w-tabs-section-header-h\"><h4 class=\"w-tabs-section-title\">Omek\u0161iva\u010di rublja 2L<\/h4><div class=\"w-tabs-section-control\"><\/div><\/div><\/div><div class=\"w-tabs-section-content\"><div class=\"w-tabs-section-content-h i-cf\"><div class=\"wpb_text_column \"><div class=\"wpb_wrapper\"><div class=\"w-gallery layout_default cols_3 with_indents link_media\"><div class=\"w-gallery-list\"><a class=\"w-gallery-item order_1\" href=\"https:\/\/dinsani.rs\/main\/wp-content\/uploads\/2023\/03\/Omeksivac-2l-jorgovan.jpeg\" title=\"Omeksivac-2l-jorgovan\"><img loading=\"lazy\" decoding=\"async\" width=\"426\" height=\"600\" src=\"https:\/\/dinsani.rs\/main\/wp-content\/uploads\/2023\/03\/Omeksivac-2l-jorgovan.jpeg\" class=\"w-gallery-item-img\" alt=\"\" srcset=\"https:\/\/dinsani.rs\/main\/wp-content\/uploads\/2023\/03\/Omeksivac-2l-jorgovan.jpeg 426w, https:\/\/dinsani.rs\/main\/wp-content\/uploads\/2023\/03\/Omeksivac-2l-jorgovan-284x400.jpeg 284w, https:\/\/dinsani.rs\/main\/wp-content\/uploads\/2023\/03\/Omeksivac-2l-jorgovan-250x352.jpeg 250w\" sizes=\"auto, (max-width: 426px) 100vw, 426px\" \/><span class=\"w-gallery-item-hover\"><\/span><span class=\"w-gallery-item-title\">Omeksivac-2l-jorgovan<\/span><\/a><a class=\"w-gallery-item order_2\" href=\"https:\/\/dinsani.rs\/main\/wp-content\/uploads\/2016\/12\/Omeksivac-2l-blue.jpeg\" title=\"Omeksivac-2l-blue\"><img loading=\"lazy\" decoding=\"async\" width=\"426\" height=\"600\" src=\"https:\/\/dinsani.rs\/main\/wp-content\/uploads\/2016\/12\/Omeksivac-2l-blue-426x600.jpeg\" class=\"w-gallery-item-img\" alt=\"\" srcset=\"https:\/\/dinsani.rs\/main\/wp-content\/uploads\/2016\/12\/Omeksivac-2l-blue.jpeg 426w, https:\/\/dinsani.rs\/main\/wp-content\/uploads\/2016\/12\/Omeksivac-2l-blue-213x300.jpeg 213w\" sizes=\"auto, (max-width: 426px) 100vw, 426px\" \/><span class=\"w-gallery-item-hover\"><\/span><span class=\"w-gallery-item-title\">Omeksivac-2l-blue<\/span><\/a><a class=\"w-gallery-item order_3\" href=\"https:\/\/dinsani.rs\/main\/wp-content\/uploads\/2016\/12\/Omeksivac-2l-lavanda.jpeg\" title=\"Omeksivac-2l-lavanda\"><img loading=\"lazy\" decoding=\"async\" width=\"426\" height=\"600\" src=\"https:\/\/dinsani.rs\/main\/wp-content\/uploads\/2016\/12\/Omeksivac-2l-lavanda-426x600.jpeg\" class=\"w-gallery-item-img\" alt=\"\" srcset=\"https:\/\/dinsani.rs\/main\/wp-content\/uploads\/2016\/12\/Omeksivac-2l-lavanda.jpeg 426w, https:\/\/dinsani.rs\/main\/wp-content\/uploads\/2016\/12\/Omeksivac-2l-lavanda-213x300.jpeg 213w\" sizes=\"auto, (max-width: 426px) 100vw, 426px\" \/><span class=\"w-gallery-item-hover\"><\/span><span class=\"w-gallery-item-title\">Omeksivac-2l-lavanda<\/span><\/a><a class=\"w-gallery-item order_4\" href=\"https:\/\/dinsani.rs\/main\/wp-content\/uploads\/2016\/12\/Omeksivac-2l-pink.jpeg\" title=\"Omeksivac-2l-pink\"><img loading=\"lazy\" decoding=\"async\" width=\"426\" height=\"600\" src=\"https:\/\/dinsani.rs\/main\/wp-content\/uploads\/2016\/12\/Omeksivac-2l-pink-426x600.jpeg\" class=\"w-gallery-item-img\" alt=\"\" srcset=\"https:\/\/dinsani.rs\/main\/wp-content\/uploads\/2016\/12\/Omeksivac-2l-pink.jpeg 426w, https:\/\/dinsani.rs\/main\/wp-content\/uploads\/2016\/12\/Omeksivac-2l-pink-213x300.jpeg 213w\" sizes=\"auto, (max-width: 426px) 100vw, 426px\" \/><span class=\"w-gallery-item-hover\"><\/span><span class=\"w-gallery-item-title\">Omeksivac-2l-pink<\/span><\/a><a class=\"w-gallery-item order_5\" href=\"https:\/\/dinsani.rs\/main\/wp-content\/uploads\/2016\/12\/Omeksivac-2l-white.jpeg\" title=\"Omeksivac-2l-white\"><img loading=\"lazy\" decoding=\"async\" width=\"426\" height=\"600\" src=\"https:\/\/dinsani.rs\/main\/wp-content\/uploads\/2016\/12\/Omeksivac-2l-white-426x600.jpeg\" class=\"w-gallery-item-img\" alt=\"\" srcset=\"https:\/\/dinsani.rs\/main\/wp-content\/uploads\/2016\/12\/Omeksivac-2l-white.jpeg 426w, https:\/\/dinsani.rs\/main\/wp-content\/uploads\/2016\/12\/Omeksivac-2l-white-213x300.jpeg 213w\" sizes=\"auto, (max-width: 426px) 100vw, 426px\" \/><span class=\"w-gallery-item-hover\"><\/span><span class=\"w-gallery-item-title\">Omeksivac-2l-white<\/span><\/a><\/div><\/div>\n<\/div> <\/div> <\/div><\/div><\/div><div class=\"w-tabs-section color_custom no_indents\" style=\"color: #ffffff;\"><div class=\"w-tabs-section-header\"><div class=\"w-tabs-section-header-h\"><h4 class=\"w-tabs-section-title\">Softys omek\u0161iva\u010di rublja 2L NOVO<\/h4><div class=\"w-tabs-section-control\"><\/div><\/div><\/div><div class=\"w-tabs-section-content\"><div class=\"w-tabs-section-content-h i-cf\"><div class=\"wpb_text_column \"><div class=\"wpb_wrapper\"><div class=\"w-gallery layout_default cols_3 with_indents link_media\"><div class=\"w-gallery-list\"><a class=\"w-gallery-item order_1\" href=\"https:\/\/dinsani.rs\/main\/wp-content\/uploads\/2023\/03\/Omeksivac-2l-jorgovan.jpeg\" title=\"Omeksivac-2l-jorgovan\"><img loading=\"lazy\" decoding=\"async\" width=\"426\" height=\"600\" src=\"https:\/\/dinsani.rs\/main\/wp-content\/uploads\/2023\/03\/Omeksivac-2l-jorgovan.jpeg\" class=\"w-gallery-item-img\" alt=\"\" srcset=\"https:\/\/dinsani.rs\/main\/wp-content\/uploads\/2023\/03\/Omeksivac-2l-jorgovan.jpeg 426w, https:\/\/dinsani.rs\/main\/wp-content\/uploads\/2023\/03\/Omeksivac-2l-jorgovan-284x400.jpeg 284w, https:\/\/dinsani.rs\/main\/wp-content\/uploads\/2023\/03\/Omeksivac-2l-jorgovan-250x352.jpeg 250w\" sizes=\"auto, (max-width: 426px) 100vw, 426px\" \/><span class=\"w-gallery-item-hover\"><\/span><span class=\"w-gallery-item-title\">Omeksivac-2l-jorgovan<\/span><\/a><a class=\"w-gallery-item order_2\" href=\"https:\/\/dinsani.rs\/main\/wp-content\/uploads\/2023\/03\/Omeksivac-Softys-2l-Relax.jpg\" title=\"Omeksivac-Softys-2l-Relax\"><img loading=\"lazy\" decoding=\"async\" width=\"426\" height=\"600\" src=\"https:\/\/dinsani.rs\/main\/wp-content\/uploads\/2023\/03\/Omeksivac-Softys-2l-Relax.jpg\" class=\"w-gallery-item-img\" alt=\"\" srcset=\"https:\/\/dinsani.rs\/main\/wp-content\/uploads\/2023\/03\/Omeksivac-Softys-2l-Relax.jpg 426w, https:\/\/dinsani.rs\/main\/wp-content\/uploads\/2023\/03\/Omeksivac-Softys-2l-Relax-284x400.jpg 284w, https:\/\/dinsani.rs\/main\/wp-content\/uploads\/2023\/03\/Omeksivac-Softys-2l-Relax-250x352.jpg 250w\" sizes=\"auto, (max-width: 426px) 100vw, 426px\" \/><span class=\"w-gallery-item-hover\"><\/span><span class=\"w-gallery-item-title\">Omeksivac-Softys-2l-Relax<\/span><\/a><a class=\"w-gallery-item order_3\" href=\"https:\/\/dinsani.rs\/main\/wp-content\/uploads\/2023\/03\/Omeksivac-Softys-2l-Romance-novel.jpg\" title=\"Omeksivac-Softys-2l-Romance-novel\"><img loading=\"lazy\" decoding=\"async\" width=\"426\" height=\"600\" src=\"https:\/\/dinsani.rs\/main\/wp-content\/uploads\/2023\/03\/Omeksivac-Softys-2l-Romance-novel.jpg\" class=\"w-gallery-item-img\" alt=\"\" srcset=\"https:\/\/dinsani.rs\/main\/wp-content\/uploads\/2023\/03\/Omeksivac-Softys-2l-Romance-novel.jpg 426w, https:\/\/dinsani.rs\/main\/wp-content\/uploads\/2023\/03\/Omeksivac-Softys-2l-Romance-novel-284x400.jpg 284w, https:\/\/dinsani.rs\/main\/wp-content\/uploads\/2023\/03\/Omeksivac-Softys-2l-Romance-novel-250x352.jpg 250w\" sizes=\"auto, (max-width: 426px) 100vw, 426px\" \/><span class=\"w-gallery-item-hover\"><\/span><span class=\"w-gallery-item-title\">Omeksivac-Softys-2l-Romance-novel<\/span><\/a><a class=\"w-gallery-item order_4\" href=\"https:\/\/dinsani.rs\/main\/wp-content\/uploads\/2023\/03\/Omeksivac-Softys-2l-Paradise-found.jpg\" title=\"Omeksivac-Softys-2l-Paradise-found\"><img loading=\"lazy\" decoding=\"async\" width=\"426\" height=\"600\" src=\"https:\/\/dinsani.rs\/main\/wp-content\/uploads\/2023\/03\/Omeksivac-Softys-2l-Paradise-found.jpg\" class=\"w-gallery-item-img\" alt=\"\" srcset=\"https:\/\/dinsani.rs\/main\/wp-content\/uploads\/2023\/03\/Omeksivac-Softys-2l-Paradise-found.jpg 426w, https:\/\/dinsani.rs\/main\/wp-content\/uploads\/2023\/03\/Omeksivac-Softys-2l-Paradise-found-284x400.jpg 284w, https:\/\/dinsani.rs\/main\/wp-content\/uploads\/2023\/03\/Omeksivac-Softys-2l-Paradise-found-250x352.jpg 250w\" sizes=\"auto, (max-width: 426px) 100vw, 426px\" \/><span class=\"w-gallery-item-hover\"><\/span><span class=\"w-gallery-item-title\">Omeksivac-Softys-2l-Paradise-found<\/span><\/a><a class=\"w-gallery-item order_5\" href=\"https:\/\/dinsani.rs\/main\/wp-content\/uploads\/2023\/03\/Omeksivac-Softys-2l-blue-softnes.jpg\" title=\"Omeksivac-Softys-2l-blue-softnes\"><img loading=\"lazy\" decoding=\"async\" width=\"426\" height=\"600\" src=\"https:\/\/dinsani.rs\/main\/wp-content\/uploads\/2023\/03\/Omeksivac-Softys-2l-blue-softnes.jpg\" class=\"w-gallery-item-img\" alt=\"\" srcset=\"https:\/\/dinsani.rs\/main\/wp-content\/uploads\/2023\/03\/Omeksivac-Softys-2l-blue-softnes.jpg 426w, https:\/\/dinsani.rs\/main\/wp-content\/uploads\/2023\/03\/Omeksivac-Softys-2l-blue-softnes-284x400.jpg 284w, https:\/\/dinsani.rs\/main\/wp-content\/uploads\/2023\/03\/Omeksivac-Softys-2l-blue-softnes-250x352.jpg 250w\" sizes=\"auto, (max-width: 426px) 100vw, 426px\" \/><span class=\"w-gallery-item-hover\"><\/span><span class=\"w-gallery-item-title\">Omeksivac-Softys-2l-blue-softnes<\/span><\/a><a class=\"w-gallery-item order_6\" href=\"https:\/\/dinsani.rs\/main\/wp-content\/uploads\/2023\/03\/Omeksivac-Softys-2l-lotus-flow.jpg\" title=\"Omeksivac-Softys-2l-lotus-flow\"><img loading=\"lazy\" decoding=\"async\" width=\"426\" height=\"600\" src=\"https:\/\/dinsani.rs\/main\/wp-content\/uploads\/2023\/03\/Omeksivac-Softys-2l-lotus-flow.jpg\" class=\"w-gallery-item-img\" alt=\"\" srcset=\"https:\/\/dinsani.rs\/main\/wp-content\/uploads\/2023\/03\/Omeksivac-Softys-2l-lotus-flow.jpg 426w, https:\/\/dinsani.rs\/main\/wp-content\/uploads\/2023\/03\/Omeksivac-Softys-2l-lotus-flow-284x400.jpg 284w, https:\/\/dinsani.rs\/main\/wp-content\/uploads\/2023\/03\/Omeksivac-Softys-2l-lotus-flow-250x352.jpg 250w\" sizes=\"auto, (max-width: 426px) 100vw, 426px\" \/><span class=\"w-gallery-item-hover\"><\/span><span class=\"w-gallery-item-title\">Omeksivac-Softys-2l-lotus-flow<\/span><\/a><a class=\"w-gallery-item order_7\" href=\"https:\/\/dinsani.rs\/main\/wp-content\/uploads\/2023\/03\/Omeksivac-Softys-2l-White-freshnes.jpg\" title=\"Omeksivac-Softys-2l-White-freshnes\"><img loading=\"lazy\" decoding=\"async\" width=\"426\" height=\"600\" src=\"https:\/\/dinsani.rs\/main\/wp-content\/uploads\/2023\/03\/Omeksivac-Softys-2l-White-freshnes.jpg\" class=\"w-gallery-item-img\" alt=\"\" srcset=\"https:\/\/dinsani.rs\/main\/wp-content\/uploads\/2023\/03\/Omeksivac-Softys-2l-White-freshnes.jpg 426w, https:\/\/dinsani.rs\/main\/wp-content\/uploads\/2023\/03\/Omeksivac-Softys-2l-White-freshnes-284x400.jpg 284w, https:\/\/dinsani.rs\/main\/wp-content\/uploads\/2023\/03\/Omeksivac-Softys-2l-White-freshnes-250x352.jpg 250w\" sizes=\"auto, (max-width: 426px) 100vw, 426px\" \/><span class=\"w-gallery-item-hover\"><\/span><span class=\"w-gallery-item-title\">Omeksivac-Softys-2l-White-freshnes<\/span><\/a><a class=\"w-gallery-item order_8\" href=\"https:\/\/dinsani.rs\/main\/wp-content\/uploads\/2023\/03\/Omeksivac-Softys-2l-Lilac-flow.jpg\" title=\"Omeksivac-Softys-2l-Lilac-flow\"><img loading=\"lazy\" decoding=\"async\" width=\"426\" height=\"600\" src=\"https:\/\/dinsani.rs\/main\/wp-content\/uploads\/2023\/03\/Omeksivac-Softys-2l-Lilac-flow.jpg\" class=\"w-gallery-item-img\" alt=\"\" srcset=\"https:\/\/dinsani.rs\/main\/wp-content\/uploads\/2023\/03\/Omeksivac-Softys-2l-Lilac-flow.jpg 426w, https:\/\/dinsani.rs\/main\/wp-content\/uploads\/2023\/03\/Omeksivac-Softys-2l-Lilac-flow-284x400.jpg 284w, https:\/\/dinsani.rs\/main\/wp-content\/uploads\/2023\/03\/Omeksivac-Softys-2l-Lilac-flow-250x352.jpg 250w\" sizes=\"auto, (max-width: 426px) 100vw, 426px\" \/><span class=\"w-gallery-item-hover\"><\/span><span class=\"w-gallery-item-title\">Omeksivac-Softys-2l-Lilac-flow<\/span><\/a><a class=\"w-gallery-item order_9\" href=\"https:\/\/dinsani.rs\/main\/wp-content\/uploads\/2023\/03\/Omeksivac-Softys-2l-lavender.jpg\" title=\"Omeksivac-Softys-2l-lavender\"><img loading=\"lazy\" decoding=\"async\" width=\"426\" height=\"600\" src=\"https:\/\/dinsani.rs\/main\/wp-content\/uploads\/2023\/03\/Omeksivac-Softys-2l-lavender.jpg\" class=\"w-gallery-item-img\" alt=\"\" srcset=\"https:\/\/dinsani.rs\/main\/wp-content\/uploads\/2023\/03\/Omeksivac-Softys-2l-lavender.jpg 426w, https:\/\/dinsani.rs\/main\/wp-content\/uploads\/2023\/03\/Omeksivac-Softys-2l-lavender-284x400.jpg 284w, https:\/\/dinsani.rs\/main\/wp-content\/uploads\/2023\/03\/Omeksivac-Softys-2l-lavender-250x352.jpg 250w\" sizes=\"auto, (max-width: 426px) 100vw, 426px\" \/><span class=\"w-gallery-item-hover\"><\/span><span class=\"w-gallery-item-title\">Omeksivac-Softys-2l-lavender<\/span><\/a><\/div><\/div>\n<\/div> <\/div> <\/div><\/div><\/div><div class=\"w-tabs-section color_custom no_indents\" style=\"color: #ffffff;\"><div class=\"w-tabs-section-header\"><div class=\"w-tabs-section-header-h\"><h4 class=\"w-tabs-section-title\">Omek\u0161iva\u010di rublja 500ml<\/h4><div class=\"w-tabs-section-control\"><\/div><\/div><\/div><div class=\"w-tabs-section-content\"><div class=\"w-tabs-section-content-h i-cf\"><div class=\"wpb_text_column \"><div class=\"wpb_wrapper\"><div class=\"w-gallery layout_default cols_3 with_indents link_media\"><div class=\"w-gallery-list\"><a class=\"w-gallery-item order_1\" href=\"https:\/\/dinsani.rs\/main\/wp-content\/uploads\/2016\/12\/Omeksivac-Softy-05l-ocean.jpeg\" title=\"Omeksivac-Softy-05l-ocean\"><img loading=\"lazy\" decoding=\"async\" width=\"426\" height=\"600\" src=\"https:\/\/dinsani.rs\/main\/wp-content\/uploads\/2016\/12\/Omeksivac-Softy-05l-ocean-426x600.jpeg\" class=\"w-gallery-item-img\" alt=\"\" srcset=\"https:\/\/dinsani.rs\/main\/wp-content\/uploads\/2016\/12\/Omeksivac-Softy-05l-ocean.jpeg 426w, https:\/\/dinsani.rs\/main\/wp-content\/uploads\/2016\/12\/Omeksivac-Softy-05l-ocean-213x300.jpeg 213w\" sizes=\"auto, (max-width: 426px) 100vw, 426px\" \/><span class=\"w-gallery-item-hover\"><\/span><span class=\"w-gallery-item-title\">Omeksivac-Softy-05l-ocean<\/span><\/a><a class=\"w-gallery-item order_2\" href=\"https:\/\/dinsani.rs\/main\/wp-content\/uploads\/2016\/12\/Omeksivac-Softy-05l-pink.jpeg\" title=\"Omeksivac-Softy-05l-pink\"><img loading=\"lazy\" decoding=\"async\" width=\"426\" height=\"600\" src=\"https:\/\/dinsani.rs\/main\/wp-content\/uploads\/2016\/12\/Omeksivac-Softy-05l-pink-426x600.jpeg\" class=\"w-gallery-item-img\" alt=\"\" srcset=\"https:\/\/dinsani.rs\/main\/wp-content\/uploads\/2016\/12\/Omeksivac-Softy-05l-pink.jpeg 426w, https:\/\/dinsani.rs\/main\/wp-content\/uploads\/2016\/12\/Omeksivac-Softy-05l-pink-213x300.jpeg 213w\" sizes=\"auto, (max-width: 426px) 100vw, 426px\" \/><span class=\"w-gallery-item-hover\"><\/span><span class=\"w-gallery-item-title\">Omeksivac-Softy-05l-pink<\/span><\/a><a class=\"w-gallery-item order_3\" href=\"https:\/\/dinsani.rs\/main\/wp-content\/uploads\/2016\/12\/Omeksivac-Softy-05l-white.jpeg\" title=\"Omeksivac-Softy-05l-white\"><img loading=\"lazy\" decoding=\"async\" width=\"426\" height=\"600\" src=\"https:\/\/dinsani.rs\/main\/wp-content\/uploads\/2016\/12\/Omeksivac-Softy-05l-white-426x600.jpeg\" class=\"w-gallery-item-img\" alt=\"\" srcset=\"https:\/\/dinsani.rs\/main\/wp-content\/uploads\/2016\/12\/Omeksivac-Softy-05l-white.jpeg 426w, https:\/\/dinsani.rs\/main\/wp-content\/uploads\/2016\/12\/Omeksivac-Softy-05l-white-213x300.jpeg 213w\" sizes=\"auto, (max-width: 426px) 100vw, 426px\" \/><span class=\"w-gallery-item-hover\"><\/span><span class=\"w-gallery-item-title\">Omeksivac-Softy-05l-white<\/span><\/a><\/div><\/div>\n<\/div> <\/div> <\/div><\/div><\/div><div class=\"w-tabs-section color_custom no_indents\" style=\"color: #ffffff;\"><div class=\"w-tabs-section-header\"><div class=\"w-tabs-section-header-h\"><h4 class=\"w-tabs-section-title\">Omek\u0161iva\u010di rublja 5L<\/h4><div class=\"w-tabs-section-control\"><\/div><\/div><\/div><div class=\"w-tabs-section-content\"><div class=\"w-tabs-section-content-h i-cf\"><div class=\"wpb_text_column \"><div class=\"wpb_wrapper\"><div class=\"w-gallery layout_default cols_3 with_indents link_media\"><div class=\"w-gallery-list\"><a class=\"w-gallery-item order_1\" href=\"https:\/\/dinsani.rs\/main\/wp-content\/uploads\/2023\/03\/Tecni-omeksivac-Lavanda-5l.jpg\" title=\"Tecni-omeksivac-Lavanda-5l\"><img loading=\"lazy\" decoding=\"async\" width=\"314\" height=\"600\" src=\"https:\/\/dinsani.rs\/main\/wp-content\/uploads\/2023\/03\/Tecni-omeksivac-Lavanda-5l.jpg\" class=\"w-gallery-item-img\" alt=\"\" srcset=\"https:\/\/dinsani.rs\/main\/wp-content\/uploads\/2023\/03\/Tecni-omeksivac-Lavanda-5l.jpg 314w, https:\/\/dinsani.rs\/main\/wp-content\/uploads\/2023\/03\/Tecni-omeksivac-Lavanda-5l-209x400.jpg 209w\" sizes=\"auto, (max-width: 314px) 100vw, 314px\" \/><span class=\"w-gallery-item-hover\"><\/span><span class=\"w-gallery-item-title\">Tecni-omeksivac-Lavanda-5l<\/span><\/a><a class=\"w-gallery-item order_2\" href=\"https:\/\/dinsani.rs\/main\/wp-content\/uploads\/2023\/03\/Tecni-omeksivac-Blue-5l.jpg\" title=\"Tecni-omeksivac-Blue-5l\"><img loading=\"lazy\" decoding=\"async\" width=\"314\" height=\"600\" src=\"https:\/\/dinsani.rs\/main\/wp-content\/uploads\/2023\/03\/Tecni-omeksivac-Blue-5l.jpg\" class=\"w-gallery-item-img\" alt=\"\" srcset=\"https:\/\/dinsani.rs\/main\/wp-content\/uploads\/2023\/03\/Tecni-omeksivac-Blue-5l.jpg 314w, https:\/\/dinsani.rs\/main\/wp-content\/uploads\/2023\/03\/Tecni-omeksivac-Blue-5l-209x400.jpg 209w\" sizes=\"auto, (max-width: 314px) 100vw, 314px\" \/><span class=\"w-gallery-item-hover\"><\/span><span class=\"w-gallery-item-title\">Tecni-omeksivac-Blue-5l<\/span><\/a><\/div><\/div>\n<\/div> <\/div> <\/div><\/div><\/div><\/div><\/div><\/div><\/div><\/div><\/div><\/section>\n","protected":false},"excerpt":{"rendered":"Omek\u0161iva\u010di rublja 1L Omek\u0161iva\u010di rublja 2L Softys omek\u0161iva\u010di rublja 2L NOVO Omek\u0161iva\u010di rublja 500ml Omek\u0161iva\u010di rublja 5L Omek\u0161iva\u010di rublja 1LOmeksivac-Softy-1l-oceanicOmeksivac-Softy-1l-pinkOmeksivac-Softy-1l-white Omek\u0161iva\u010di rublja 2LOmeksivac-2l-jorgovanOmeksivac-2l-blueOmeksivac-2l-lavandaOmeksivac-2l-pinkOmeksivac-2l-white Softys omek\u0161iva\u010di rublja 2L NOVOOmeksivac-2l-jorgovanOmeksivac-Softys-2l-RelaxOmeksivac-Softys-2l-Romance-novelOmeksivac-Softys-2l-Paradise-foundOmeksivac-Softys-2l-blue-softnesOmeksivac-Softys-2l-lotus-flowOmeksivac-Softys-2l-White-freshnesOmeksivac-Softys-2l-Lilac-flowOmeksivac-Softys-2l-lavender Omek\u0161iva\u010di rublja 500mlOmeksivac-Softy-05l-oceanOmeksivac-Softy-05l-pinkOmeksivac-Softy-05l-white Omek\u0161iva\u010di rublja 5LTecni-omeksivac-Lavanda-5lTecni-omeksivac-Blue-5l","protected":false},"author":1,"featured_media":0,"parent":0,"menu_order":0,"comment_status":"closed","ping_status":"closed","template":"","meta":{"footnotes":""},"class_list":["post-8373","page","type-page","status-publish","hentry"],"_links":{"self":[{"href":"https:\/\/dinsani.rs\/main\/wp-json\/wp\/v2\/pages\/8373","targetHints":{"allow":["GET"]}}],"collection":[{"href":"https:\/\/dinsani.rs\/main\/wp-json\/wp\/v2\/pages"}],"about":[{"href":"https:\/\/dinsani.rs\/main\/wp-json\/wp\/v2\/types\/page"}],"author":[{"embeddable":true,"href":"https:\/\/dinsani.rs\/main\/wp-json\/wp\/v2\/users\/1"}],"replies":[{"embeddable":true,"href":"https:\/\/dinsani.rs\/main\/wp-json\/wp\/v2\/comments?post=8373"}],"version-history":[{"count":31,"href":"https:\/\/dinsani.rs\/main\/wp-json\/wp\/v2\/pages\/8373\/revisions"}],"predecessor-version":[{"id":9669,"href":"https:\/\/dinsani.rs\/main\/wp-json\/wp\/v2\/pages\/8373\/revisions\/9669"}],"wp:attachment":[{"href":"https:\/\/dinsani.rs\/main\/wp-json\/wp\/v2\/media?parent=8373"}],"curies":[{"name":"wp","href":"https:\/\/api.w.org\/{rel}","templated":true}]}}