{"id":8668,"date":"2017-01-12T18:40:45","date_gmt":"2017-01-12T18:40:45","guid":{"rendered":"https:\/\/dinsani.rs\/main\/?page_id=8668"},"modified":"2017-01-18T22:31:58","modified_gmt":"2017-01-18T22:31:58","slug":"proizvodi-od-plastike","status":"publish","type":"page","link":"https:\/\/dinsani.rs\/main\/proizvodi-od-plastike\/","title":{"rendered":"Proizvodi od plastike"},"content":{"rendered":"<section class=\"l-section wpb_row height_full with_img\"><div class=\"l-section-img\" style=\"background-image: url(https:\/\/dinsani.rs\/main\/wp-content\/uploads\/2017\/01\/wooden-full-hd-wallpaper_1_1366x768.jpg);\" data-img-width=\"1366\" data-img-height=\"768\"><\/div><div class=\"l-section-h i-cf\"><div class=\"g-cols offset_small\"><div class=\" one-half animate_afb d3\"><div class=\"w-image  align_center animate_fade d5\"><img loading=\"lazy\" decoding=\"async\" width=\"1200\" height=\"1200\" src=\"https:\/\/dinsani.rs\/main\/wp-content\/uploads\/2017\/01\/bigs14.png\" class=\"attachment-full size-full\" alt=\"\" srcset=\"https:\/\/dinsani.rs\/main\/wp-content\/uploads\/2017\/01\/bigs14.png 1200w, https:\/\/dinsani.rs\/main\/wp-content\/uploads\/2017\/01\/bigs14-150x150.png 150w, https:\/\/dinsani.rs\/main\/wp-content\/uploads\/2017\/01\/bigs14-300x300.png 300w, https:\/\/dinsani.rs\/main\/wp-content\/uploads\/2017\/01\/bigs14-768x768.png 768w, https:\/\/dinsani.rs\/main\/wp-content\/uploads\/2017\/01\/bigs14-1024x1024.png 1024w, https:\/\/dinsani.rs\/main\/wp-content\/uploads\/2017\/01\/bigs14-350x350.png 350w, https:\/\/dinsani.rs\/main\/wp-content\/uploads\/2017\/01\/bigs14-600x600.png 600w\" sizes=\"auto, (max-width: 1200px) 100vw, 1200px\" \/><\/div><\/div><div class=\" one-half animate_afb d5\"><div class=\"w-separator type_invisible size_medium thick_1 style_solid color_border cont_none\"><span class=\"w-separator-h\"><\/span><\/div><div class=\"w-image  animate_afr d5\"><img loading=\"lazy\" decoding=\"async\" width=\"341\" height=\"81\" src=\"https:\/\/dinsani.rs\/main\/wp-content\/uploads\/2017\/01\/ptekst2.png\" class=\"attachment-full size-full\" alt=\"\" srcset=\"https:\/\/dinsani.rs\/main\/wp-content\/uploads\/2017\/01\/ptekst2.png 341w, https:\/\/dinsani.rs\/main\/wp-content\/uploads\/2017\/01\/ptekst2-300x71.png 300w\" sizes=\"auto, (max-width: 341px) 100vw, 341px\" \/><\/div><div class=\"wpb_text_column \"><div class=\"wpb_wrapper\"><div class=\"cl-popup align_left\"><a href=\"javascript:void(0)\" class=\"cl-popup-trigger type_btn cl-btn\" style=\"color:#ffffff;background-color:#09b5e5;\"><span>\u010ca\u010dkalice<\/span><\/a><div class=\"cl-popup-overlay\" style=\"background-color:rgba(0,162,226,0.75);\"><\/div><div class=\"cl-popup-wrap\"><div class=\"cl-popup-box size_m animation_flipVer\"><div class=\"cl-popup-box-h\"><div class=\"cl-popup-box-content\" style=\"color:#333333;background-color:#ffffff;\">\n<div class=\"w-gallery layout_default cols_2 link_media\"><div class=\"w-gallery-list\"><a class=\"w-gallery-item order_1\" href=\"https:\/\/dinsani.rs\/main\/wp-content\/uploads\/2017\/01\/\u010ca\u010dkalice-100-komada.jpg\" title=\"\u010ca\u010dkalice-100-komada\"><img loading=\"lazy\" decoding=\"async\" width=\"394\" height=\"344\" src=\"https:\/\/dinsani.rs\/main\/wp-content\/uploads\/2017\/01\/\u010ca\u010dkalice-100-komada.jpg\" class=\"w-gallery-item-img\" alt=\"\" srcset=\"https:\/\/dinsani.rs\/main\/wp-content\/uploads\/2017\/01\/\u010ca\u010dkalice-100-komada.jpg 394w, https:\/\/dinsani.rs\/main\/wp-content\/uploads\/2017\/01\/\u010ca\u010dkalice-100-komada-300x262.jpg 300w\" sizes=\"auto, (max-width: 394px) 100vw, 394px\" \/><span class=\"w-gallery-item-hover\"><\/span><span class=\"w-gallery-item-title\">\u010ca\u010dkalice-100-komada<\/span><\/a><a class=\"w-gallery-item order_2\" href=\"https:\/\/dinsani.rs\/main\/wp-content\/uploads\/2017\/01\/\u010ca\u010dkalice-50-pakovanja.jpg\" title=\"\u010ca\u010dkalice-50-pakovanja\"><img loading=\"lazy\" decoding=\"async\" width=\"394\" height=\"344\" src=\"https:\/\/dinsani.rs\/main\/wp-content\/uploads\/2017\/01\/\u010ca\u010dkalice-50-pakovanja.jpg\" class=\"w-gallery-item-img\" alt=\"\" srcset=\"https:\/\/dinsani.rs\/main\/wp-content\/uploads\/2017\/01\/\u010ca\u010dkalice-50-pakovanja.jpg 394w, https:\/\/dinsani.rs\/main\/wp-content\/uploads\/2017\/01\/\u010ca\u010dkalice-50-pakovanja-300x262.jpg 300w\" sizes=\"auto, (max-width: 394px) 100vw, 394px\" \/><span class=\"w-gallery-item-hover\"><\/span><span class=\"w-gallery-item-title\">\u010ca\u010dkalice-50-pakovanja<\/span><\/a><\/div><\/div>\n\n<\/div><div class=\"cl-popup-box-closer\"><\/div><\/div><\/div><div class=\"cl-popup-closer\"><\/div><\/div><\/div><\/div> <\/div> <div class=\"wpb_text_column \"><div class=\"wpb_wrapper\"><div class=\"cl-popup align_left\"><a href=\"javascript:void(0)\" class=\"cl-popup-trigger type_btn cl-btn\" style=\"color:#ffffff;background-color:#09b5e5;\"><span>\u0160tipaljke<\/span><\/a><div class=\"cl-popup-overlay\" style=\"background-color:rgba(0,162,226,0.75);\"><\/div><div class=\"cl-popup-wrap\"><div class=\"cl-popup-box size_m animation_flipVer\"><div class=\"cl-popup-box-h\"><div class=\"cl-popup-box-content\" style=\"color:#333333;background-color:#ffffff;\">\n<div class=\"w-gallery layout_default cols_3 link_media\"><div class=\"w-gallery-list\"><a class=\"w-gallery-item order_1\" href=\"https:\/\/dinsani.rs\/main\/wp-content\/uploads\/2017\/01\/\u0160tipaljke-Krokodil-20-kom-\u017eute.jpg\" title=\"\u0160tipaljke-Krokodil-20-kom-\u017eute\"><img loading=\"lazy\" decoding=\"async\" width=\"394\" height=\"344\" src=\"https:\/\/dinsani.rs\/main\/wp-content\/uploads\/2017\/01\/\u0160tipaljke-Krokodil-20-kom-\u017eute.jpg\" class=\"w-gallery-item-img\" alt=\"\" srcset=\"https:\/\/dinsani.rs\/main\/wp-content\/uploads\/2017\/01\/\u0160tipaljke-Krokodil-20-kom-\u017eute.jpg 394w, https:\/\/dinsani.rs\/main\/wp-content\/uploads\/2017\/01\/\u0160tipaljke-Krokodil-20-kom-\u017eute-300x262.jpg 300w\" sizes=\"auto, (max-width: 394px) 100vw, 394px\" \/><span class=\"w-gallery-item-hover\"><\/span><span class=\"w-gallery-item-title\">\u0160tipaljke-Krokodil-20-kom-\u017eute<\/span><\/a><a class=\"w-gallery-item order_2\" href=\"https:\/\/dinsani.rs\/main\/wp-content\/uploads\/2017\/01\/\u0160tipaljke-Krokodil-20-kom-plave.jpg\" title=\"\u0160tipaljke-Krokodil-20-kom-plave\"><img loading=\"lazy\" decoding=\"async\" width=\"394\" height=\"344\" src=\"https:\/\/dinsani.rs\/main\/wp-content\/uploads\/2017\/01\/\u0160tipaljke-Krokodil-20-kom-plave.jpg\" class=\"w-gallery-item-img\" alt=\"\" srcset=\"https:\/\/dinsani.rs\/main\/wp-content\/uploads\/2017\/01\/\u0160tipaljke-Krokodil-20-kom-plave.jpg 394w, https:\/\/dinsani.rs\/main\/wp-content\/uploads\/2017\/01\/\u0160tipaljke-Krokodil-20-kom-plave-300x262.jpg 300w\" sizes=\"auto, (max-width: 394px) 100vw, 394px\" \/><span class=\"w-gallery-item-hover\"><\/span><span class=\"w-gallery-item-title\">\u0160tipaljke-Krokodil-20-kom-plave<\/span><\/a><a class=\"w-gallery-item order_3\" href=\"https:\/\/dinsani.rs\/main\/wp-content\/uploads\/2017\/01\/\u0160tipaljke-Krokodil-20-kom-crvene.jpg\" title=\"\u0160tipaljke-Krokodil-20-kom-crvene\"><img loading=\"lazy\" decoding=\"async\" width=\"394\" height=\"344\" src=\"https:\/\/dinsani.rs\/main\/wp-content\/uploads\/2017\/01\/\u0160tipaljke-Krokodil-20-kom-crvene.jpg\" class=\"w-gallery-item-img\" alt=\"\" srcset=\"https:\/\/dinsani.rs\/main\/wp-content\/uploads\/2017\/01\/\u0160tipaljke-Krokodil-20-kom-crvene.jpg 394w, https:\/\/dinsani.rs\/main\/wp-content\/uploads\/2017\/01\/\u0160tipaljke-Krokodil-20-kom-crvene-300x262.jpg 300w\" sizes=\"auto, (max-width: 394px) 100vw, 394px\" \/><span class=\"w-gallery-item-hover\"><\/span><span class=\"w-gallery-item-title\">\u0160tipaljke-Krokodil-20-kom-crvene<\/span><\/a><a class=\"w-gallery-item order_4\" href=\"https:\/\/dinsani.rs\/main\/wp-content\/uploads\/2017\/01\/\u0160tipaljke-Krokodil-12-kom.jpg\" title=\"\u0160tipaljke-Krokodil-12-kom\"><img loading=\"lazy\" decoding=\"async\" width=\"394\" height=\"344\" src=\"https:\/\/dinsani.rs\/main\/wp-content\/uploads\/2017\/01\/\u0160tipaljke-Krokodil-12-kom.jpg\" class=\"w-gallery-item-img\" alt=\"\" srcset=\"https:\/\/dinsani.rs\/main\/wp-content\/uploads\/2017\/01\/\u0160tipaljke-Krokodil-12-kom.jpg 394w, https:\/\/dinsani.rs\/main\/wp-content\/uploads\/2017\/01\/\u0160tipaljke-Krokodil-12-kom-300x262.jpg 300w\" sizes=\"auto, (max-width: 394px) 100vw, 394px\" \/><span class=\"w-gallery-item-hover\"><\/span><span class=\"w-gallery-item-title\">\u0160tipaljke-Krokodil-12-kom<\/span><\/a><a class=\"w-gallery-item order_5\" href=\"https:\/\/dinsani.rs\/main\/wp-content\/uploads\/2017\/01\/\u0160tipaljke-20-kom.jpg\" title=\"\u0160tipaljke-20-kom\"><img loading=\"lazy\" decoding=\"async\" width=\"394\" height=\"344\" src=\"https:\/\/dinsani.rs\/main\/wp-content\/uploads\/2017\/01\/\u0160tipaljke-20-kom.jpg\" class=\"w-gallery-item-img\" alt=\"\" srcset=\"https:\/\/dinsani.rs\/main\/wp-content\/uploads\/2017\/01\/\u0160tipaljke-20-kom.jpg 394w, https:\/\/dinsani.rs\/main\/wp-content\/uploads\/2017\/01\/\u0160tipaljke-20-kom-300x262.jpg 300w\" sizes=\"auto, (max-width: 394px) 100vw, 394px\" \/><span class=\"w-gallery-item-hover\"><\/span><span class=\"w-gallery-item-title\">\u0160tipaljke-20-kom<\/span><\/a><\/div><\/div>\n\n<\/div><div class=\"cl-popup-box-closer\"><\/div><\/div><\/div><div class=\"cl-popup-closer\"><\/div><\/div><\/div><\/div> <\/div> <\/div><\/div><\/div><\/section>\n","protected":false},"excerpt":{"rendered":"\u010ca\u010dkalice \u010ca\u010dkalice-100-komada\u010ca\u010dkalice-50-pakovanja \u0160tipaljke \u0160tipaljke-Krokodil-20-kom-\u017eute\u0160tipaljke-Krokodil-20-kom-plave\u0160tipaljke-Krokodil-20-kom-crvene\u0160tipaljke-Krokodil-12-kom\u0160tipaljke-20-kom","protected":false},"author":1,"featured_media":0,"parent":0,"menu_order":0,"comment_status":"closed","ping_status":"closed","template":"","meta":{"footnotes":""},"class_list":["post-8668","page","type-page","status-publish","hentry"],"_links":{"self":[{"href":"https:\/\/dinsani.rs\/main\/wp-json\/wp\/v2\/pages\/8668","targetHints":{"allow":["GET"]}}],"collection":[{"href":"https:\/\/dinsani.rs\/main\/wp-json\/wp\/v2\/pages"}],"about":[{"href":"https:\/\/dinsani.rs\/main\/wp-json\/wp\/v2\/types\/page"}],"author":[{"embeddable":true,"href":"https:\/\/dinsani.rs\/main\/wp-json\/wp\/v2\/users\/1"}],"replies":[{"embeddable":true,"href":"https:\/\/dinsani.rs\/main\/wp-json\/wp\/v2\/comments?post=8668"}],"version-history":[{"count":0,"href":"https:\/\/dinsani.rs\/main\/wp-json\/wp\/v2\/pages\/8668\/revisions"}],"wp:attachment":[{"href":"https:\/\/dinsani.rs\/main\/wp-json\/wp\/v2\/media?parent=8668"}],"curies":[{"name":"wp","href":"https:\/\/api.w.org\/{rel}","templated":true}]}}