{"id":9367,"date":"2021-02-03T11:00:55","date_gmt":"2021-02-03T11:00:55","guid":{"rendered":"https:\/\/dinsani.rs\/main\/?page_id=9367"},"modified":"2021-08-24T12:48:32","modified_gmt":"2021-08-24T12:48:32","slug":"gelovi-za-tusiranje","status":"publish","type":"page","link":"https:\/\/dinsani.rs\/main\/gelovi-za-tusiranje\/","title":{"rendered":"Gelovi za tu\u0161iranje"},"content":{"rendered":"<section class=\"l-section wpb_row height_full with_img\"><div class=\"l-section-img\" style=\"background-image: url(https:\/\/dinsani.rs\/main\/wp-content\/uploads\/2021\/02\/geltusiranjepozz.jpg);\" data-img-width=\"2560\" data-img-height=\"1707\"><\/div><div class=\"l-section-h i-cf\"><div class=\"g-cols offset_small\"><div class=\" one-half\"><div class=\"w-image  align_center animate_fade d1\"><img loading=\"lazy\" decoding=\"async\" width=\"600\" height=\"626\" src=\"https:\/\/dinsani.rs\/main\/wp-content\/uploads\/2021\/02\/gelovi-za-tusiranje.png\" class=\"attachment-tnail-masonry size-tnail-masonry\" alt=\"\" srcset=\"https:\/\/dinsani.rs\/main\/wp-content\/uploads\/2021\/02\/gelovi-za-tusiranje.png 600w, https:\/\/dinsani.rs\/main\/wp-content\/uploads\/2021\/02\/gelovi-za-tusiranje-300x313.png 300w, https:\/\/dinsani.rs\/main\/wp-content\/uploads\/2021\/02\/gelovi-za-tusiranje-250x261.png 250w\" sizes=\"auto, (max-width: 600px) 100vw, 600px\" \/><\/div><\/div><div class=\" one-half\"><div class=\"ult-spacer spacer-69e4f998b907c\" data-id=\"69e4f998b907c\" data-height=\"60\" data-height-mobile=\"60\" data-height-tab=\"60\" data-height-tab-portrait=\"\" data-height-mobile-landscape=\"\" style=\"clear:both;display:block;\"><\/div><div class=\"w-image  align_left animate_afr d1\"><img loading=\"lazy\" decoding=\"async\" width=\"300\" height=\"133\" src=\"https:\/\/dinsani.rs\/main\/wp-content\/uploads\/2021\/02\/geltusiranjetekst-300x133.png\" class=\"attachment-medium size-medium\" alt=\"\" srcset=\"https:\/\/dinsani.rs\/main\/wp-content\/uploads\/2021\/02\/geltusiranjetekst-300x133.png 300w, https:\/\/dinsani.rs\/main\/wp-content\/uploads\/2021\/02\/geltusiranjetekst-250x111.png 250w, https:\/\/dinsani.rs\/main\/wp-content\/uploads\/2021\/02\/geltusiranjetekst-768x342.png 768w, https:\/\/dinsani.rs\/main\/wp-content\/uploads\/2021\/02\/geltusiranjetekst-600x267.png 600w, https:\/\/dinsani.rs\/main\/wp-content\/uploads\/2021\/02\/geltusiranjetekst.png 870w\" sizes=\"auto, (max-width: 300px) 100vw, 300px\" \/><\/div><div class=\"w-separator type_default size_medium thick_1 style_solid color_border cont_none\"><span class=\"w-separator-h\"><\/span><\/div><div class=\"wpb_text_column \"><div class=\"wpb_wrapper\"><strong><span style=\"color: #ffffff;\">Lavender, Honey Melon, Milk &amp; Honey<\/span><\/strong><\/p>\n<div class=\"cl-popup align_left\"><a href=\"javascript:void(0)\" class=\"cl-popup-trigger type_btn cl-btn\" style=\"color:#ffffff;background-color:#09b5e5;\"><span>Gelovi za tu\u0161iranje 500 ml<\/span><\/a><div class=\"cl-popup-overlay\" style=\"background-color:rgba(0,162,226,0.75);\"><\/div><div class=\"cl-popup-wrap\"><div class=\"cl-popup-box size_s animation_flipVer\"><div class=\"cl-popup-box-h\"><div class=\"cl-popup-box-content\" style=\"color:#333333;background-color:#ffffff;\">\n<div class=\"w-gallery layout_default cols_1 link_media\"><div class=\"w-gallery-list\"><a class=\"w-gallery-item order_1\" href=\"https:\/\/dinsani.rs\/main\/wp-content\/uploads\/2021\/08\/gelovi500ml.jpg\" title=\"Gelovi za tu\u0161iranje 500ml\"><img loading=\"lazy\" decoding=\"async\" width=\"600\" height=\"600\" src=\"https:\/\/dinsani.rs\/main\/wp-content\/uploads\/2021\/08\/gelovi500ml-600x600.jpg\" class=\"w-gallery-item-img\" alt=\"\" srcset=\"https:\/\/dinsani.rs\/main\/wp-content\/uploads\/2021\/08\/gelovi500ml-600x600.jpg 600w, https:\/\/dinsani.rs\/main\/wp-content\/uploads\/2021\/08\/gelovi500ml-350x350.jpg 350w\" sizes=\"auto, (max-width: 600px) 100vw, 600px\" \/><span class=\"w-gallery-item-hover\"><\/span><span class=\"w-gallery-item-title\">Gelovi za tu\u0161iranje 500ml<\/span><\/a><\/div><\/div>\n\n<\/div><div class=\"cl-popup-box-closer\"><\/div><\/div><\/div><div class=\"cl-popup-closer\"><\/div><\/div><\/div><\/div> <\/div> <div class=\"wpb_text_column \"><div class=\"wpb_wrapper\"><div class=\"cl-popup align_left\"><a href=\"javascript:void(0)\" class=\"cl-popup-trigger type_btn cl-btn\" style=\"color:#ffffff;background-color:#09b5e5;\"><span>Gelovi za tu\u0161iranje 1 L<\/span><\/a><div class=\"cl-popup-overlay\" style=\"background-color:rgba(0,162,226,0.75);\"><\/div><div class=\"cl-popup-wrap\"><div class=\"cl-popup-box size_s animation_flipVer\"><div class=\"cl-popup-box-h\"><div class=\"cl-popup-box-content\" style=\"color:#333333;background-color:#ffffff;\">\n<div class=\"w-gallery layout_default cols_1 link_media\"><div class=\"w-gallery-list\"><a class=\"w-gallery-item order_1\" href=\"https:\/\/dinsani.rs\/main\/wp-content\/uploads\/2021\/08\/gelovi1l.jpg\" title=\"Gelovi za tu\u0161iranje 1L\"><img loading=\"lazy\" decoding=\"async\" width=\"600\" height=\"600\" src=\"https:\/\/dinsani.rs\/main\/wp-content\/uploads\/2021\/08\/gelovi1l-600x600.jpg\" class=\"w-gallery-item-img\" alt=\"\" srcset=\"https:\/\/dinsani.rs\/main\/wp-content\/uploads\/2021\/08\/gelovi1l-600x600.jpg 600w, https:\/\/dinsani.rs\/main\/wp-content\/uploads\/2021\/08\/gelovi1l-350x350.jpg 350w\" sizes=\"auto, (max-width: 600px) 100vw, 600px\" \/><span class=\"w-gallery-item-hover\"><\/span><span class=\"w-gallery-item-title\">Gelovi za tu\u0161iranje 1L<\/span><\/a><\/div><\/div>\n\n<\/div><div class=\"cl-popup-box-closer\"><\/div><\/div><\/div><div class=\"cl-popup-closer\"><\/div><\/div><\/div><\/div> <\/div> <\/div><\/div><\/div><\/section>\n","protected":false},"excerpt":{"rendered":"Lavender, Honey Melon, Milk &amp; Honey Gelovi za tu\u0161iranje 500 ml Gelovi za tu\u0161iranje 500ml Gelovi za tu\u0161iranje 1 L Gelovi za tu\u0161iranje 1L","protected":false},"author":1,"featured_media":0,"parent":0,"menu_order":0,"comment_status":"closed","ping_status":"closed","template":"","meta":{"footnotes":""},"class_list":["post-9367","page","type-page","status-publish","hentry"],"_links":{"self":[{"href":"https:\/\/dinsani.rs\/main\/wp-json\/wp\/v2\/pages\/9367","targetHints":{"allow":["GET"]}}],"collection":[{"href":"https:\/\/dinsani.rs\/main\/wp-json\/wp\/v2\/pages"}],"about":[{"href":"https:\/\/dinsani.rs\/main\/wp-json\/wp\/v2\/types\/page"}],"author":[{"embeddable":true,"href":"https:\/\/dinsani.rs\/main\/wp-json\/wp\/v2\/users\/1"}],"replies":[{"embeddable":true,"href":"https:\/\/dinsani.rs\/main\/wp-json\/wp\/v2\/comments?post=9367"}],"version-history":[{"count":11,"href":"https:\/\/dinsani.rs\/main\/wp-json\/wp\/v2\/pages\/9367\/revisions"}],"predecessor-version":[{"id":9429,"href":"https:\/\/dinsani.rs\/main\/wp-json\/wp\/v2\/pages\/9367\/revisions\/9429"}],"wp:attachment":[{"href":"https:\/\/dinsani.rs\/main\/wp-json\/wp\/v2\/media?parent=9367"}],"curies":[{"name":"wp","href":"https:\/\/api.w.org\/{rel}","templated":true}]}}